{"id":27372,"date":"2025-06-24T15:57:30","date_gmt":"2025-06-24T12:57:30","guid":{"rendered":"https:\/\/www.clinica-sante.com\/ro\/analize-fara-categorie\/citomegalovirus-anticorpi-igg\/"},"modified":"2026-01-05T19:12:05","modified_gmt":"2026-01-05T17:12:05","slug":"citomegalovirus-anticorpi-igg","status":"publish","type":"product","link":"https:\/\/www.clinica-sante.com\/ro\/analize-boli-infectioase\/citomegalovirus-anticorpi-igg\/","title":{"rendered":"Citomegalovirus: Anticorpi IgG"},"content":{"rendered":"","protected":false},"excerpt":{"rendered":"<p>Anticorpii IgG anti-citomegalovirus (CMV) reprezint\u0103 o metod\u0103 de screening pentru expunerea la CMV, infec\u021bie frecvent asimptomatic\u0103 la persoanele s\u0103n\u0103toase. Testul este esen\u021bial \u00een evaluarea imunit\u0103\u021bii materne \u00een sarcin\u0103 \u0219i monitorizarea pacien\u021bilor imunocompromi\u0219i, pentru prevenirea complica\u021biilor asociate.<\/p>\n","protected":false},"featured_media":0,"template":"","meta":{"_acf_changed":false,"inline_featured_image":false},"product_brand":[],"product_cat":[1209,3179,2876],"product_tag":[],"class_list":{"0":"post-27372","1":"product","2":"type-product","3":"status-publish","5":"product_cat-analize","6":"product_cat-boli-infectioase","7":"product_cat-serviciu-laborator","8":"pa_conditii-medicale-afecti-gastrite-infectioase-autoimuna-ulcer","10":"first","11":"instock","12":"sale","13":"virtual","14":"purchasable","15":"product-type-simple"},"acf":[],"aioseo_notices":[],"_links":{"self":[{"href":"https:\/\/www.clinica-sante.com\/ro\/wp-json\/wp\/v2\/product\/27372","targetHints":{"allow":["GET"]}}],"collection":[{"href":"https:\/\/www.clinica-sante.com\/ro\/wp-json\/wp\/v2\/product"}],"about":[{"href":"https:\/\/www.clinica-sante.com\/ro\/wp-json\/wp\/v2\/types\/product"}],"wp:attachment":[{"href":"https:\/\/www.clinica-sante.com\/ro\/wp-json\/wp\/v2\/media?parent=27372"}],"wp:term":[{"taxonomy":"product_brand","embeddable":true,"href":"https:\/\/www.clinica-sante.com\/ro\/wp-json\/wp\/v2\/product_brand?post=27372"},{"taxonomy":"product_cat","embeddable":true,"href":"https:\/\/www.clinica-sante.com\/ro\/wp-json\/wp\/v2\/product_cat?post=27372"},{"taxonomy":"product_tag","embeddable":true,"href":"https:\/\/www.clinica-sante.com\/ro\/wp-json\/wp\/v2\/product_tag?post=27372"}],"curies":[{"name":"wp","href":"https:\/\/api.w.org\/{rel}","templated":true}]}}