{"id":27364,"date":"2025-06-24T15:57:04","date_gmt":"2025-06-24T12:57:04","guid":{"rendered":"https:\/\/www.clinica-sante.com\/ro\/analize-fara-categorie\/scor-h-bcl6-endometru\/"},"modified":"2026-02-24T10:44:00","modified_gmt":"2026-02-24T08:44:00","slug":"scor-h-bcl6-endometru","status":"publish","type":"product","link":"https:\/\/www.clinica-sante.com\/ro\/analize-anatomie-patologica\/scor-h-bcl6-endometru\/","title":{"rendered":"Scor H &#8211; BCL6 (endometru)"},"content":{"rendered":"","protected":false},"excerpt":{"rendered":"<p>Testul m\u0103soar\u0103 expresia markerului BCL6 \u00een mucoasa uterin\u0103, asociat\u0103 cu prezen\u021ba endometriozei. Nivelurile crescute pot indica un mediu uterin inflamator, nefavorabil implant\u0103rii. Se recomand\u0103 \u00een caz de infertilitate, e\u0219ec repetat de transfer embrionar sau suspiciune de endometrioz\u0103.<\/p>\n","protected":false},"featured_media":0,"template":"","meta":{"_acf_changed":false,"inline_featured_image":false},"product_brand":[],"product_cat":[1209,3168,2876],"product_tag":[],"class_list":{"0":"post-27364","1":"product","2":"type-product","3":"status-publish","5":"product_cat-analize","6":"product_cat-anatomie-patologica","7":"product_cat-serviciu-laborator","8":"pa_conditii-medicale-afecti-endometrioza","10":"first","11":"instock","12":"sale","13":"virtual","14":"purchasable","15":"product-type-simple"},"acf":[],"aioseo_notices":[],"_links":{"self":[{"href":"https:\/\/www.clinica-sante.com\/ro\/wp-json\/wp\/v2\/product\/27364","targetHints":{"allow":["GET"]}}],"collection":[{"href":"https:\/\/www.clinica-sante.com\/ro\/wp-json\/wp\/v2\/product"}],"about":[{"href":"https:\/\/www.clinica-sante.com\/ro\/wp-json\/wp\/v2\/types\/product"}],"wp:attachment":[{"href":"https:\/\/www.clinica-sante.com\/ro\/wp-json\/wp\/v2\/media?parent=27364"}],"wp:term":[{"taxonomy":"product_brand","embeddable":true,"href":"https:\/\/www.clinica-sante.com\/ro\/wp-json\/wp\/v2\/product_brand?post=27364"},{"taxonomy":"product_cat","embeddable":true,"href":"https:\/\/www.clinica-sante.com\/ro\/wp-json\/wp\/v2\/product_cat?post=27364"},{"taxonomy":"product_tag","embeddable":true,"href":"https:\/\/www.clinica-sante.com\/ro\/wp-json\/wp\/v2\/product_tag?post=27364"}],"curies":[{"name":"wp","href":"https:\/\/api.w.org\/{rel}","templated":true}]}}