{"id":27362,"date":"2025-06-24T15:56:58","date_gmt":"2025-06-24T12:56:58","guid":{"rendered":"https:\/\/www.clinica-sante.com\/ro\/analize-fara-categorie\/detectie-adn-hpv-depistare-si-genotipare-pentru-28-tulpini\/"},"modified":"2026-02-27T18:01:34","modified_gmt":"2026-02-27T16:01:34","slug":"detectie-adn-hpv-depistare-si-genotipare-pentru-28-tulpini","status":"publish","type":"product","link":"https:\/\/www.clinica-sante.com\/ro\/analize-genetica-infectioasa\/detectie-adn-hpv-depistare-si-genotipare-pentru-28-tulpini\/","title":{"rendered":"Detectie ADN-HPV (depistare si genotipare pentru 28 tulpini)"},"content":{"rendered":"<p><strong>HPV (Human Papilloma Virus, \u00een rom\u00e2n\u0103 Papiloma Virus Uman)<\/strong> este un grup de virusuri ADN extrem de r\u0103sp\u00e2ndite \u0219i variate, care afecteaz\u0103 pielea \u0219i mucoasele umane. Exist\u0103 peste 200 de tipuri de HPV. Acesta se num\u0103r\u0103 printre cele mai frecvente virusuri cu transmitere sexual\u0103, afect\u00e2nd aproximativ 14 milioane de persoane anual.<\/p>\n<\/p>\n<p>Unele tipuri de HPV, precum cele care cauzeaz\u0103 negii genitali (condiloame acuminate), sunt considerate cu <strong>risc sc\u0103zut<\/strong>, \u00een timp ce altele \u2013 implicate \u00een cancerul de col uterin, cancerul vaginal, cancerul vulvar, cancerul penian, cancerul orofaringian \u0219i cancerul anal \u2013 sunt considerate cu <strong>risc crescut<\/strong>.<\/p>\n<p>Testarea HPV a devenit un subiect de cercetare important \u0219i un instrument valoros pentru:<\/p>\n<ul>\n<li>gestionarea pacien\u021bilor individuali,<\/li>\n<li>efectuarea screening-ului cervical,<\/li>\n<li>supravegherea vaccinurilor la nivel de popula\u021bie.<\/li>\n<\/ul>\n<p><strong>Modalit\u0103\u021bi de transmitere:<\/strong><\/p>\n<\/p>\n<ul>\n<li>Virusul se poate transmite prin <strong>contact direct cu pielea sau mucoasele infectate<\/strong>, de exemplu prin atingerea zonei genitale cu m\u00e2inile.<\/li>\n<li>\u00cen aceste cazuri este posibil\u0103 <strong>autoinfectarea<\/strong>: m\u00e2inile ating mucoasa afectat\u0103 \u0219i apoi transmit infec\u021bia c\u0103tre alte persoane.<\/li>\n<li>Infec\u021bia poate ap\u0103rea \u0219i prin <strong>contact non-sexual piele\u2013piele<\/strong>, de exemplu la nivelul verucilor cutanate.<\/li>\n<li><strong>Foarte rar<\/strong>, tipurile genitale de HPV pot fi transmise de la mam\u0103 la copil \u00een timpul na\u0219terii.<\/li>\n<\/ul>\n<p><strong>Testul utilizeaz\u0103 tehnica PCR<\/strong> pentru depistarea \u0219i genotiparea (identificarea tulpinii pozitive) a infec\u021biei HPV.<\/p>\n<\/p>\n<p><strong>Afec\u021biuni \u0219i simptome asociate<\/strong><\/p>\n<\/p>\n<p>Majoritatea infec\u021biilor cu HPV nu provoac\u0103 simptome \u0219i se vindec\u0103 de la sine. Totu\u0219i, unele pot persista \u0219i pot duce la complica\u021bii mai grave.<\/p>\n<\/p>\n<p><strong>Infec\u021bia cu HPV poate avea urm\u0103toarele manifest\u0103ri:<\/strong><\/p>\n<\/p>\n<ul>\n<li><strong>Veruci cutanate (papiloame)<\/strong> \u2013 apar la nivelul pielii, ca urmare a infec\u021biei cutanate.<\/li>\n<li><strong>Condiloame acuminate<\/strong> \u2013 localizate la nivelul sau \u00een jurul mucoasei organelor genitale, anusului \u0219i altor regiuni.<\/li>\n<li><strong>Papilomatoza laringian\u0103<\/strong> (numit\u0103 \u0219i papilomatoz\u0103 recurent\u0103 respiratorie) \u2013 const\u0103 \u00een apari\u021bia de leziuni benigne la nivelul mucoasei laringiene. Forma cu debut \u00een copil\u0103rie se asociaz\u0103 cu transmiterea \u00een timpul na\u0219terii.<\/li>\n<li><strong>Leziuni precanceroase<\/strong> \u2013 unele tulpini de HPV, at\u00e2t cu risc crescut, c\u00e2t \u0219i cu risc sc\u0103zut, prin invazia stratului celular bazal, pot provoca leziuni displazice la nivelul colului uterin, vulvei, vaginului, anusului, penisului sau orofaringelui.\n<ul>\n<li><strong>Leziunile colului uterin pot fi evaluate prin testul de screening Papanicolau sau prin testul HPV-ADN.<\/strong><\/li>\n<li>Este important de men\u021bionat c\u0103 <strong>unele tipuri de HPV nu provoac\u0103 simptome evidente <\/strong>\u0219i pot r\u0103m\u00e2ne nedetectate f\u0103r\u0103 un test medical.<\/li>\n<\/ul>\n<\/li>\n<li><strong>Cancer de col uterin<\/strong> \u2013 infec\u021bia cu HPV este asociat\u0103 cu aproape toate cazurile; \u00een special tulpinile HPV16 \u0219i HPV18 sunt detectate \u00een ~70% dintre cazuri. Cancerul de col uterin este al patrulea cel mai frecvent cancer la femei.<\/li>\n<li><strong>Cancer orofaringian<\/strong> \u2013 infec\u021bia cu papillomavirus uman, \u00een special cu HPV16, este considerat\u0103 un factor important de risc pentru dezvoltarea cancerului orofaringian.<\/li>\n<li><strong>Cancer penian<\/strong> \u2013 infec\u021bia cu HPV este asociat\u0103 cu aproximativ 50% dintre cazuri, cel mai frecvent cu debut dup\u0103 v\u00e2rsta de 50 de ani.<\/li>\n<\/ul>\n<p><strong>Cui se adreseaz\u0103 analiza<\/strong><\/p>\n<ul>\n<li>Femeilor cu v\u00e2rsta de peste 30 de ani \u2013 ca metod\u0103 de screening pentru depistarea precoce a riscului de cancer de col uterin.<\/li>\n<li>Femeilor cu rezultate anormale la testul Babe\u0219-Papanicolau \u2013 pentru a clarifica dac\u0103 modific\u0103rile sunt asociate cu o infec\u021bie HPV cu risc crescut.<\/li>\n<li>Femeilor aflate \u00een monitorizare \u2013 dup\u0103 tratamente pentru leziuni cervicale sau infec\u021bie HPV, pentru a urm\u0103ri evolu\u021bia.<\/li>\n<li>Femeilor sub 30 de ani \u2013 doar la recomandarea medicului, \u00een special atunci c\u00e2nd exist\u0103 rezultate suspecte la citologie sau factori de risc.<\/li>\n<\/ul>\n<p><strong>Metodologie de testare<\/strong><\/p>\n<\/p>\n<p>Testul HPV presupune extrac\u021bia \u0219i amplificarea ADN-ului viral, din probe citologice de celule cervicale, utiliz\u00e2nd metode de biologie molecular\u0103, respectiv tehnica PCR.<\/p>\n<\/p>\n<p><strong>Beneficii \u0219i importan\u021b\u0103 clinic\u0103<\/strong><\/p>\n<\/p>\n<ul>\n<li>Depistarea precoce a infec\u021biilor cu HPV cu risc oncogen crescut (\u00een special tipurile 16 \u0219i 18, responsabile de aproximativ 70% dintre cancerele de col uterin).<\/li>\n<li>Sensibilitate mai mare dec\u00e2t testul Babe\u0219-Papanicolau \u00een identificarea leziunilor precanceroase.<\/li>\n<li>Identificarea femeilor cu risc \u00eenalt, care necesit\u0103 monitorizare atent\u0103 \u0219i tratament.<\/li>\n<li>Reducerea inciden\u021bei \u0219i mortalit\u0103\u021bii prin cancer de col uterin, atunci c\u00e2nd este folosit ca test de screening periodic.<\/li>\n<li>Util \u00een managementul pacientelor cu rezultate anormale la citologie sau aflate \u00een urm\u0103rire dup\u0103 tratament pentru leziuni cervicale.<\/li>\n<\/ul>\n<p><strong>Particularit\u0103\u021bi \u0219i limit\u0103ri<\/strong><\/p>\n<p>\u00cen anumite cazuri, infec\u021bia cu HPV poate fi \u00eentr-o faz\u0103 incipient\u0103 sau latent\u0103, \u00een care nivelul de ADN-HPV este prea sc\u0103zut pentru a fi detectat de testul ADN-HPV. Totu\u0219i, pot ap\u0103rea modific\u0103ri celulare anormale, detectabile prin testul Papanicolau.<\/p>\n<\/p>\n<p><strong>Nerespectarea condi\u021biilor preanalitice sau de recoltare poate influen\u021ba acurate\u021bea rezultatului.<\/strong><\/p>\n<\/p>\n<p><strong>Analize asociate recomandate<\/strong><\/p>\n<\/p>\n<p>Pentru o evaluare complet\u0103, se pot recomanda teste suplimentare realizate din aceea\u0219i recoltare:<\/p>\n<ul>\n<li>Examen Babe\u0219-Papanicolau \u00een mediu lichid<\/li>\n<li>Test CINtec PLUS (imunocitodiagnostic p16\/Ki-67)<\/li>\n<li>Detec\u021bie 7 ITS \u2013 <em>Chlamydia trachomatis, Neisseria gonorrhoeae, Mycoplasma genitalium, Mycoplasma hominis, Ureaplasma urealyticum, Ureaplasma parvum, Trichomonas vaginalis<\/em> (secre\u021bii) \u2013 Real-TM PCR<\/li>\n<\/ul>\n","protected":false},"excerpt":{"rendered":"<p><strong>Testul HPV<\/strong> este o analiz\u0103 modern\u0103 \u0219i sigur\u0103, care depisteaz\u0103 prezen\u021ba virusului papiloma uman \u2013 principala cauz\u0103 a cancerului de col uterin. Infec\u021bia cu HPV este asociat\u0103 cu aproape toate cazurile de cancer de col uterin; \u00een special dou\u0103 tulpini, <strong>HPV16 \u0219i HPV18<\/strong>, sunt detectate \u00een aproximativ 70% dintre cazuri.<\/p>\n<\/p>\n<p>\u00cen cadrul acestui test sunt depistate \u0219i genotipate cele mai frecvente <strong>28 de tulpini HPV<\/strong>, respectiv:<\/p>\n<ul>\n<li><strong>19 tulpini cu risc crescut<\/strong>: 16, 18, 26, 31, 33, 35, 39, 45, 51, 52, 53, 56, 58, 59, 66, 68, 69, 73 \u0219i 82<\/li>\n<li><strong>9 tulpini cu risc sc\u0103zut<\/strong>: 6, 11, 40, 42, 43, 44, 54, 61 \u0219i 70<\/li>\n<\/ul>\n","protected":false},"featured_media":0,"template":"","meta":{"_acf_changed":false,"inline_featured_image":false},"product_brand":[],"product_cat":[1209,3172,2876],"product_tag":[],"class_list":{"0":"post-27362","1":"product","2":"type-product","3":"status-publish","5":"product_cat-analize","6":"product_cat-genetica-infectioasa","7":"product_cat-serviciu-laborator","8":"pa_conditii-medicale-afecti-cancer-col-uterin","9":"pa_conditii-medicale-afecti-infectii-cu-transmitere-sexuala","11":"first","12":"instock","13":"sale","14":"virtual","15":"purchasable","16":"product-type-simple"},"acf":[],"aioseo_notices":[],"_links":{"self":[{"href":"https:\/\/www.clinica-sante.com\/ro\/wp-json\/wp\/v2\/product\/27362","targetHints":{"allow":["GET"]}}],"collection":[{"href":"https:\/\/www.clinica-sante.com\/ro\/wp-json\/wp\/v2\/product"}],"about":[{"href":"https:\/\/www.clinica-sante.com\/ro\/wp-json\/wp\/v2\/types\/product"}],"wp:attachment":[{"href":"https:\/\/www.clinica-sante.com\/ro\/wp-json\/wp\/v2\/media?parent=27362"}],"wp:term":[{"taxonomy":"product_brand","embeddable":true,"href":"https:\/\/www.clinica-sante.com\/ro\/wp-json\/wp\/v2\/product_brand?post=27362"},{"taxonomy":"product_cat","embeddable":true,"href":"https:\/\/www.clinica-sante.com\/ro\/wp-json\/wp\/v2\/product_cat?post=27362"},{"taxonomy":"product_tag","embeddable":true,"href":"https:\/\/www.clinica-sante.com\/ro\/wp-json\/wp\/v2\/product_tag?post=27362"}],"curies":[{"name":"wp","href":"https:\/\/api.w.org\/{rel}","templated":true}]}}