{"id":27359,"date":"2025-06-24T15:56:48","date_gmt":"2025-06-24T12:56:48","guid":{"rendered":"https:\/\/www.clinica-sante.com\/ro\/analize-fara-categorie\/ca-242\/"},"modified":"2026-01-05T19:11:46","modified_gmt":"2026-01-05T17:11:46","slug":"ca-242","status":"publish","type":"product","link":"https:\/\/www.clinica-sante.com\/ro\/analize-markeri-tumorali\/ca-242\/","title":{"rendered":"CA 242"},"content":{"rendered":"","protected":false},"excerpt":{"rendered":"<p>CA 242 este un marker tumoral utilizat \u00een principal \u00een evaluarea cancerelor din sfera digestiv\u0103 (colorectal, gastric, pancreatic) \u0219i adenocarcinomului pulmonar. Este util \u00een monitorizare, pentru evaluarea r\u0103spunsului la tratament \u0219i detectarea recidivelor \u00een combina\u021bie cu al\u021bi markeri tumorali.<\/p>\n","protected":false},"featured_media":0,"template":"","meta":{"_acf_changed":false,"inline_featured_image":false},"product_brand":[],"product_cat":[1209,3192,2876],"product_tag":[],"class_list":{"0":"post-27359","1":"product","2":"type-product","3":"status-publish","5":"product_cat-analize","6":"product_cat-markeri-tumorali","7":"product_cat-serviciu-laborator","9":"first","10":"instock","11":"sale","12":"virtual","13":"purchasable","14":"product-type-simple"},"acf":[],"aioseo_notices":[],"_links":{"self":[{"href":"https:\/\/www.clinica-sante.com\/ro\/wp-json\/wp\/v2\/product\/27359","targetHints":{"allow":["GET"]}}],"collection":[{"href":"https:\/\/www.clinica-sante.com\/ro\/wp-json\/wp\/v2\/product"}],"about":[{"href":"https:\/\/www.clinica-sante.com\/ro\/wp-json\/wp\/v2\/types\/product"}],"wp:attachment":[{"href":"https:\/\/www.clinica-sante.com\/ro\/wp-json\/wp\/v2\/media?parent=27359"}],"wp:term":[{"taxonomy":"product_brand","embeddable":true,"href":"https:\/\/www.clinica-sante.com\/ro\/wp-json\/wp\/v2\/product_brand?post=27359"},{"taxonomy":"product_cat","embeddable":true,"href":"https:\/\/www.clinica-sante.com\/ro\/wp-json\/wp\/v2\/product_cat?post=27359"},{"taxonomy":"product_tag","embeddable":true,"href":"https:\/\/www.clinica-sante.com\/ro\/wp-json\/wp\/v2\/product_tag?post=27359"}],"curies":[{"name":"wp","href":"https:\/\/api.w.org\/{rel}","templated":true}]}}