{"id":27350,"date":"2025-06-24T15:56:19","date_gmt":"2025-06-24T12:56:19","guid":{"rendered":"https:\/\/www.clinica-sante.com\/ro\/analize-fara-categorie\/dozare-lamotrigina\/"},"modified":"2026-01-03T17:41:56","modified_gmt":"2026-01-03T15:41:56","slug":"dozare-lamotrigina","status":"publish","type":"product","link":"https:\/\/www.clinica-sante.com\/ro\/analize-dozare-terapeutica-de-medicamente\/dozare-lamotrigina\/","title":{"rendered":"Dozare Lamotrigina"},"content":{"rendered":"","protected":false},"excerpt":{"rendered":"<p>Testul m\u0103soar\u0103 nivelul seric al lamotriginei, medicament antiepileptic cu fereastr\u0103 terapeutic\u0103 \u00eengust\u0103. Se folose\u0219te pentru monitorizarea tratamentului \u00een epilepsie \u0219i tulburare bipolar\u0103. Ajut\u0103 la evitarea toxicit\u0103\u021bii \u0219i la ajustarea dozei eficace.<\/p>\n","protected":false},"featured_media":0,"template":"","meta":{"_acf_changed":false,"inline_featured_image":false},"product_brand":[],"product_cat":[1209,3164,2876],"product_tag":[],"class_list":{"0":"post-27350","1":"product","2":"type-product","3":"status-publish","5":"product_cat-analize","6":"product_cat-dozare-terapeutica-de-medicamente","7":"product_cat-serviciu-laborator","9":"first","10":"instock","11":"sale","12":"virtual","13":"purchasable","14":"product-type-simple"},"acf":[],"aioseo_notices":[],"_links":{"self":[{"href":"https:\/\/www.clinica-sante.com\/ro\/wp-json\/wp\/v2\/product\/27350","targetHints":{"allow":["GET"]}}],"collection":[{"href":"https:\/\/www.clinica-sante.com\/ro\/wp-json\/wp\/v2\/product"}],"about":[{"href":"https:\/\/www.clinica-sante.com\/ro\/wp-json\/wp\/v2\/types\/product"}],"wp:attachment":[{"href":"https:\/\/www.clinica-sante.com\/ro\/wp-json\/wp\/v2\/media?parent=27350"}],"wp:term":[{"taxonomy":"product_brand","embeddable":true,"href":"https:\/\/www.clinica-sante.com\/ro\/wp-json\/wp\/v2\/product_brand?post=27350"},{"taxonomy":"product_cat","embeddable":true,"href":"https:\/\/www.clinica-sante.com\/ro\/wp-json\/wp\/v2\/product_cat?post=27350"},{"taxonomy":"product_tag","embeddable":true,"href":"https:\/\/www.clinica-sante.com\/ro\/wp-json\/wp\/v2\/product_tag?post=27350"}],"curies":[{"name":"wp","href":"https:\/\/api.w.org\/{rel}","templated":true}]}}