{"id":27326,"date":"2025-06-24T15:55:03","date_gmt":"2025-06-24T12:55:03","guid":{"rendered":"https:\/\/www.clinica-sante.com\/ro\/analize-fara-categorie\/vitamina-b1\/"},"modified":"2026-01-03T17:40:48","modified_gmt":"2026-01-03T15:40:48","slug":"vitamina-b1","status":"publish","type":"product","link":"https:\/\/www.clinica-sante.com\/ro\/analize-diverse-vitamine-oligoelemente\/vitamina-b1\/","title":{"rendered":"Vitamina B1"},"content":{"rendered":"","protected":false},"excerpt":{"rendered":"<p>Determinarea permite evaluarea nivelului tiaminei (vitamina B1), esen\u021bial\u0103 \u00een metabolismul energetic \u0219i func\u021bia nervoas\u0103. Testul este util \u00een suspiciuni de deficit, frecvent \u00eent\u00e2lnit \u00een alcoolism, malnutri\u021bie sau afec\u021biuni gastrointestinale cronice.<\/p>\n","protected":false},"featured_media":0,"template":"","meta":{"_acf_changed":false,"inline_featured_image":false},"product_brand":[],"product_cat":[1209,3183,2876],"product_tag":[],"class_list":{"0":"post-27326","1":"product","2":"type-product","3":"status-publish","5":"product_cat-analize","6":"product_cat-diverse-vitamine-oligoelemente","7":"product_cat-serviciu-laborator","9":"first","10":"instock","11":"sale","12":"virtual","13":"purchasable","14":"product-type-simple"},"acf":[],"aioseo_notices":[],"_links":{"self":[{"href":"https:\/\/www.clinica-sante.com\/ro\/wp-json\/wp\/v2\/product\/27326","targetHints":{"allow":["GET"]}}],"collection":[{"href":"https:\/\/www.clinica-sante.com\/ro\/wp-json\/wp\/v2\/product"}],"about":[{"href":"https:\/\/www.clinica-sante.com\/ro\/wp-json\/wp\/v2\/types\/product"}],"wp:attachment":[{"href":"https:\/\/www.clinica-sante.com\/ro\/wp-json\/wp\/v2\/media?parent=27326"}],"wp:term":[{"taxonomy":"product_brand","embeddable":true,"href":"https:\/\/www.clinica-sante.com\/ro\/wp-json\/wp\/v2\/product_brand?post=27326"},{"taxonomy":"product_cat","embeddable":true,"href":"https:\/\/www.clinica-sante.com\/ro\/wp-json\/wp\/v2\/product_cat?post=27326"},{"taxonomy":"product_tag","embeddable":true,"href":"https:\/\/www.clinica-sante.com\/ro\/wp-json\/wp\/v2\/product_tag?post=27326"}],"curies":[{"name":"wp","href":"https:\/\/api.w.org\/{rel}","templated":true}]}}