{"id":27320,"date":"2025-06-24T14:54:45","date_gmt":"2025-06-24T12:54:45","guid":{"rendered":"https:\/\/www.clinica-sante.com\/ro\/analize-fara-categorie\/testare-mutatii-tintite-prenatal-2-mutatii\/"},"modified":"2026-02-27T18:00:53","modified_gmt":"2026-02-27T16:00:53","slug":"testare-mutatii-tintite-prenatal-2-mutatii","status":"publish","type":"product","link":"https:\/\/www.clinica-sante.com\/ro\/analize-genetica-in-sarcina\/testare-mutatii-tintite-prenatal-2-mutatii\/","title":{"rendered":"Testare mutatii tintite prenatal (2 mutatii)"},"content":{"rendered":"","protected":false},"excerpt":{"rendered":"<p>Analiz\u0103 genetic\u0103 prenatal\u0103 care verific\u0103 prezen\u021ba a dou\u0103 muta\u021bii cunoscute, transmise de p\u0103rin\u021bi. Este indicat\u0103 \u00een sarcinile cu risc crescut pentru boli genetice ereditare, atunci c\u00e2nd ambii parteneri sunt purt\u0103tori ai aceleia\u0219i afec\u021biuni. Ofer\u0103 un rezultat clar \u0219i rapid.<\/p>\n","protected":false},"featured_media":0,"template":"","meta":{"_acf_changed":false,"inline_featured_image":false},"product_brand":[],"product_cat":[1209,3173,2876],"product_tag":[],"class_list":{"0":"post-27320","1":"product","2":"type-product","3":"status-publish","5":"product_cat-analize","6":"product_cat-genetica-in-sarcina","7":"product_cat-serviciu-laborator","8":"pa_genetica-genetica-in-sarcina","10":"first","11":"instock","12":"sale","13":"virtual","14":"purchasable","15":"product-type-simple"},"acf":[],"aioseo_notices":[],"_links":{"self":[{"href":"https:\/\/www.clinica-sante.com\/ro\/wp-json\/wp\/v2\/product\/27320","targetHints":{"allow":["GET"]}}],"collection":[{"href":"https:\/\/www.clinica-sante.com\/ro\/wp-json\/wp\/v2\/product"}],"about":[{"href":"https:\/\/www.clinica-sante.com\/ro\/wp-json\/wp\/v2\/types\/product"}],"wp:attachment":[{"href":"https:\/\/www.clinica-sante.com\/ro\/wp-json\/wp\/v2\/media?parent=27320"}],"wp:term":[{"taxonomy":"product_brand","embeddable":true,"href":"https:\/\/www.clinica-sante.com\/ro\/wp-json\/wp\/v2\/product_brand?post=27320"},{"taxonomy":"product_cat","embeddable":true,"href":"https:\/\/www.clinica-sante.com\/ro\/wp-json\/wp\/v2\/product_cat?post=27320"},{"taxonomy":"product_tag","embeddable":true,"href":"https:\/\/www.clinica-sante.com\/ro\/wp-json\/wp\/v2\/product_tag?post=27320"}],"curies":[{"name":"wp","href":"https:\/\/api.w.org\/{rel}","templated":true}]}}