{"id":27317,"date":"2025-06-24T14:54:36","date_gmt":"2025-06-24T12:54:36","guid":{"rendered":"https:\/\/www.clinica-sante.com\/ro\/analize-fara-categorie\/carrier-screening-avansat-bazat-pe-exom-cu-analiza-a-2423-gene\/"},"modified":"2026-02-27T18:00:51","modified_gmt":"2026-02-27T16:00:51","slug":"carrier-screening-avansat-bazat-pe-exom-cu-analiza-a-2423-gene","status":"publish","type":"product","link":"https:\/\/www.clinica-sante.com\/ro\/analize-fertilitate-infertilitate-fiv\/carrier-screening-avansat-bazat-pe-exom-cu-analiza-a-2423-gene\/","title":{"rendered":"Carrier Screening Avansat bazat pe Exom (cu analiza a &gt; 2000 gene)"},"content":{"rendered":"","protected":false},"excerpt":{"rendered":"<p>Test genetic extins care analizeaz\u0103 peste 2400 de gene implicate \u00een boli ereditare. Este recomandat cuplurilor care pl\u0103nuiesc o sarcin\u0103 sau urmeaz\u0103 tratamente de fertilitate, pentru a evalua riscul de a transmite afec\u021biuni genetice copilului, chiar dac\u0103 ambii parteneri sunt aparent s\u0103n\u0103to\u0219i.<\/p>\n","protected":false},"featured_media":0,"template":"","meta":{"_acf_changed":false,"inline_featured_image":false},"product_brand":[],"product_cat":[1209,3167,2876],"product_tag":[],"class_list":{"0":"post-27317","1":"product","2":"type-product","3":"status-publish","5":"product_cat-analize","6":"product_cat-fertilitate-infertilitate-fiv","7":"product_cat-serviciu-laborator","8":"pa_genetica-genetica-in-sarcina","10":"first","11":"instock","12":"sale","13":"virtual","14":"purchasable","15":"product-type-simple"},"acf":[],"aioseo_notices":[],"_links":{"self":[{"href":"https:\/\/www.clinica-sante.com\/ro\/wp-json\/wp\/v2\/product\/27317","targetHints":{"allow":["GET"]}}],"collection":[{"href":"https:\/\/www.clinica-sante.com\/ro\/wp-json\/wp\/v2\/product"}],"about":[{"href":"https:\/\/www.clinica-sante.com\/ro\/wp-json\/wp\/v2\/types\/product"}],"wp:attachment":[{"href":"https:\/\/www.clinica-sante.com\/ro\/wp-json\/wp\/v2\/media?parent=27317"}],"wp:term":[{"taxonomy":"product_brand","embeddable":true,"href":"https:\/\/www.clinica-sante.com\/ro\/wp-json\/wp\/v2\/product_brand?post=27317"},{"taxonomy":"product_cat","embeddable":true,"href":"https:\/\/www.clinica-sante.com\/ro\/wp-json\/wp\/v2\/product_cat?post=27317"},{"taxonomy":"product_tag","embeddable":true,"href":"https:\/\/www.clinica-sante.com\/ro\/wp-json\/wp\/v2\/product_tag?post=27317"}],"curies":[{"name":"wp","href":"https:\/\/api.w.org\/{rel}","templated":true}]}}