{"id":27310,"date":"2025-06-24T15:54:15","date_gmt":"2025-06-24T12:54:15","guid":{"rendered":"https:\/\/www.clinica-sante.com\/ro\/analize-fara-categorie\/anticorpi-antinucleari-ana\/"},"modified":"2026-01-05T19:11:11","modified_gmt":"2026-01-05T17:11:11","slug":"anticorpi-antinucleari-ana","status":"publish","type":"product","link":"https:\/\/www.clinica-sante.com\/ro\/analize-boli-autoimune\/anticorpi-antinucleari-ana\/","title":{"rendered":"Anticorpi antinucleari (ANA)"},"content":{"rendered":"","protected":false},"excerpt":{"rendered":"<p>ANA sunt autoanticorpi care ac\u021bioneaz\u0103 \u00eempotriva structurilor nucleilor celulari, prezen\u021bi \u00een majoritatea bolilor autoimune, precum lupusul eritematos sistemic sau sclerodermia. Este un test de screening de baz\u0103 \u00een reumatologie, care contribuie la orientarea diagnosticului.<\/p>\n","protected":false},"featured_media":0,"template":"","meta":{"_acf_changed":false,"inline_featured_image":false},"product_brand":[],"product_cat":[1209,3181,2876],"product_tag":[],"class_list":{"0":"post-27310","1":"product","2":"type-product","3":"status-publish","5":"product_cat-analize","6":"product_cat-boli-autoimune","7":"product_cat-serviciu-laborator","8":"pa_conditii-medicale-afecti-colangita-biliara-primitiva","9":"pa_conditii-medicale-afecti-glomerulonefrite","10":"pa_conditii-medicale-afecti-lupus-eritematos-sistemic","11":"pa_conditii-medicale-afecti-miopatii-inflamatorii-polimiozitadermatomiozita","12":"pa_conditii-medicale-afecti-sclerodermie","13":"pa_parti-ale-corpului-organ-ficat-si-colecist","14":"pa_parti-ale-corpului-siste-sistem-digestiv","16":"first","17":"instock","18":"sale","19":"virtual","20":"purchasable","21":"product-type-simple"},"acf":[],"aioseo_notices":[],"_links":{"self":[{"href":"https:\/\/www.clinica-sante.com\/ro\/wp-json\/wp\/v2\/product\/27310","targetHints":{"allow":["GET"]}}],"collection":[{"href":"https:\/\/www.clinica-sante.com\/ro\/wp-json\/wp\/v2\/product"}],"about":[{"href":"https:\/\/www.clinica-sante.com\/ro\/wp-json\/wp\/v2\/types\/product"}],"wp:attachment":[{"href":"https:\/\/www.clinica-sante.com\/ro\/wp-json\/wp\/v2\/media?parent=27310"}],"wp:term":[{"taxonomy":"product_brand","embeddable":true,"href":"https:\/\/www.clinica-sante.com\/ro\/wp-json\/wp\/v2\/product_brand?post=27310"},{"taxonomy":"product_cat","embeddable":true,"href":"https:\/\/www.clinica-sante.com\/ro\/wp-json\/wp\/v2\/product_cat?post=27310"},{"taxonomy":"product_tag","embeddable":true,"href":"https:\/\/www.clinica-sante.com\/ro\/wp-json\/wp\/v2\/product_tag?post=27310"}],"curies":[{"name":"wp","href":"https:\/\/api.w.org\/{rel}","templated":true}]}}