{"id":27305,"date":"2025-06-24T15:53:59","date_gmt":"2025-06-24T12:53:59","guid":{"rendered":"https:\/\/www.clinica-sante.com\/ro\/analize-fara-categorie\/herpes-simplex-12-diagnostic-molecular\/"},"modified":"2026-02-27T18:00:37","modified_gmt":"2026-02-27T16:00:37","slug":"herpes-simplex-12-diagnostic-molecular","status":"publish","type":"product","link":"https:\/\/www.clinica-sante.com\/ro\/analize-genetica-infectioasa\/herpes-simplex-12-diagnostic-molecular\/","title":{"rendered":"Herpes simplex 1+2 &#8211; diagnostic molecular"},"content":{"rendered":"","protected":false},"excerpt":{"rendered":"<p>Testul detecteaz\u0103 direct, prin tehnologie PCR, materialul genetic (ADN) al virusurilor herpetice 1\u0219i 2, din proba recoltat\u0103. Este o metod\u0103 precis\u0103, util\u0103 \u00een diagnosticul infec\u021biilor herpetice active (orale, genitale, neonatale), inclusiv \u00een formele severe sau atipice.<\/p>\n","protected":false},"featured_media":0,"template":"","meta":{"_acf_changed":false,"inline_featured_image":false},"product_brand":[],"product_cat":[1209,3172,2876],"product_tag":[],"class_list":{"0":"post-27305","1":"product","2":"type-product","3":"status-publish","5":"product_cat-analize","6":"product_cat-genetica-infectioasa","7":"product_cat-serviciu-laborator","8":"pa_conditii-medicale-afecti-herpes-cutanat","9":"pa_conditii-medicale-afecti-infectii-cu-transmitere-sexuala","11":"first","12":"instock","13":"sale","14":"virtual","15":"purchasable","16":"product-type-simple"},"acf":[],"aioseo_notices":[],"_links":{"self":[{"href":"https:\/\/www.clinica-sante.com\/ro\/wp-json\/wp\/v2\/product\/27305","targetHints":{"allow":["GET"]}}],"collection":[{"href":"https:\/\/www.clinica-sante.com\/ro\/wp-json\/wp\/v2\/product"}],"about":[{"href":"https:\/\/www.clinica-sante.com\/ro\/wp-json\/wp\/v2\/types\/product"}],"wp:attachment":[{"href":"https:\/\/www.clinica-sante.com\/ro\/wp-json\/wp\/v2\/media?parent=27305"}],"wp:term":[{"taxonomy":"product_brand","embeddable":true,"href":"https:\/\/www.clinica-sante.com\/ro\/wp-json\/wp\/v2\/product_brand?post=27305"},{"taxonomy":"product_cat","embeddable":true,"href":"https:\/\/www.clinica-sante.com\/ro\/wp-json\/wp\/v2\/product_cat?post=27305"},{"taxonomy":"product_tag","embeddable":true,"href":"https:\/\/www.clinica-sante.com\/ro\/wp-json\/wp\/v2\/product_tag?post=27305"}],"curies":[{"name":"wp","href":"https:\/\/api.w.org\/{rel}","templated":true}]}}