{"id":27300,"date":"2025-06-24T15:53:40","date_gmt":"2025-06-24T12:53:40","guid":{"rendered":"https:\/\/www.clinica-sante.com\/ro\/analize-fara-categorie\/dehidroepiandrosteron-sulfat-dhea-s\/"},"modified":"2026-01-05T19:10:54","modified_gmt":"2026-01-05T17:10:54","slug":"dehidroepiandrosteron-sulfat-dhea-s","status":"publish","type":"product","link":"https:\/\/www.clinica-sante.com\/ro\/analize-imunologie\/dehidroepiandrosteron-sulfat-dhea-s\/","title":{"rendered":"Dehidroepiandrosteron-sulfat (DHEA-S)"},"content":{"rendered":"","protected":false},"excerpt":{"rendered":"<p>DHEA-S este un hormon steroid produs de glandele suprarenale, cu rol important \u00een dezvoltarea pubertar\u0103 normal\u0103 la ambele sexe. Este util \u00een evaluarea a numeroase afec\u021biuni endocrine, precum hirsutismul, sindromul ovarelor polichistice, pubertatea precoce sau \u00eent\u00e2rziat\u0103 sau tumorile glandelor suprarenale.<\/p>\n","protected":false},"featured_media":0,"template":"","meta":{"_acf_changed":false,"inline_featured_image":false},"product_brand":[],"product_cat":[1209,3180,2876],"product_tag":[],"class_list":{"0":"post-27300","1":"product","2":"type-product","3":"status-publish","5":"product_cat-analize","6":"product_cat-imunologie","7":"product_cat-serviciu-laborator","8":"pa_conditii-medicale-afecti-ginecomastie","9":"pa_conditii-medicale-afecti-hirsutism","10":"pa_conditii-medicale-afecti-tulburari-de-ciclu-menstrual-amenoree-sopc","12":"first","13":"instock","14":"sale","15":"virtual","16":"purchasable","17":"product-type-simple"},"acf":[],"aioseo_notices":[],"_links":{"self":[{"href":"https:\/\/www.clinica-sante.com\/ro\/wp-json\/wp\/v2\/product\/27300","targetHints":{"allow":["GET"]}}],"collection":[{"href":"https:\/\/www.clinica-sante.com\/ro\/wp-json\/wp\/v2\/product"}],"about":[{"href":"https:\/\/www.clinica-sante.com\/ro\/wp-json\/wp\/v2\/types\/product"}],"wp:attachment":[{"href":"https:\/\/www.clinica-sante.com\/ro\/wp-json\/wp\/v2\/media?parent=27300"}],"wp:term":[{"taxonomy":"product_brand","embeddable":true,"href":"https:\/\/www.clinica-sante.com\/ro\/wp-json\/wp\/v2\/product_brand?post=27300"},{"taxonomy":"product_cat","embeddable":true,"href":"https:\/\/www.clinica-sante.com\/ro\/wp-json\/wp\/v2\/product_cat?post=27300"},{"taxonomy":"product_tag","embeddable":true,"href":"https:\/\/www.clinica-sante.com\/ro\/wp-json\/wp\/v2\/product_tag?post=27300"}],"curies":[{"name":"wp","href":"https:\/\/api.w.org\/{rel}","templated":true}]}}