{"id":27284,"date":"2025-06-24T15:52:50","date_gmt":"2025-06-24T12:52:50","guid":{"rendered":"https:\/\/www.clinica-sante.com\/ro\/analize-fara-categorie\/citomegalovirus-cmv-diagnostic-molecular-probe-diverse\/"},"modified":"2026-02-27T18:00:23","modified_gmt":"2026-02-27T16:00:23","slug":"citomegalovirus-cmv-diagnostic-molecular-probe-diverse","status":"publish","type":"product","link":"https:\/\/www.clinica-sante.com\/ro\/analize-genetica-infectioasa\/citomegalovirus-cmv-diagnostic-molecular-probe-diverse\/","title":{"rendered":"Citomegalovirus (CMV) &#8211; diagnostic molecular, probe diverse"},"content":{"rendered":"","protected":false},"excerpt":{"rendered":"<p>Testul detecteaz\u0103 ADN-ul CMV \u00een s\u00e2nge, urin\u0103, saliv\u0103 sau alte probe. Este esen\u021bial \u00een diagnosticul infec\u021biei primare, reactiv\u0103 sau congenital\u0103, mai ales la gravide, nou-n\u0103scu\u021bi \u0219i pacien\u021bi imunocompromi\u0219i.<\/p>\n","protected":false},"featured_media":0,"template":"","meta":{"_acf_changed":false,"inline_featured_image":false},"product_brand":[],"product_cat":[1209,3172,2876],"product_tag":[],"class_list":{"0":"post-27284","1":"product","2":"type-product","3":"status-publish","5":"product_cat-analize","6":"product_cat-genetica-infectioasa","7":"product_cat-serviciu-laborator","9":"first","10":"instock","11":"sale","12":"virtual","13":"purchasable","14":"product-type-simple"},"acf":[],"aioseo_notices":[],"_links":{"self":[{"href":"https:\/\/www.clinica-sante.com\/ro\/wp-json\/wp\/v2\/product\/27284","targetHints":{"allow":["GET"]}}],"collection":[{"href":"https:\/\/www.clinica-sante.com\/ro\/wp-json\/wp\/v2\/product"}],"about":[{"href":"https:\/\/www.clinica-sante.com\/ro\/wp-json\/wp\/v2\/types\/product"}],"wp:attachment":[{"href":"https:\/\/www.clinica-sante.com\/ro\/wp-json\/wp\/v2\/media?parent=27284"}],"wp:term":[{"taxonomy":"product_brand","embeddable":true,"href":"https:\/\/www.clinica-sante.com\/ro\/wp-json\/wp\/v2\/product_brand?post=27284"},{"taxonomy":"product_cat","embeddable":true,"href":"https:\/\/www.clinica-sante.com\/ro\/wp-json\/wp\/v2\/product_cat?post=27284"},{"taxonomy":"product_tag","embeddable":true,"href":"https:\/\/www.clinica-sante.com\/ro\/wp-json\/wp\/v2\/product_tag?post=27284"}],"curies":[{"name":"wp","href":"https:\/\/api.w.org\/{rel}","templated":true}]}}