{"id":27272,"date":"2025-06-24T15:52:08","date_gmt":"2025-06-24T12:52:08","guid":{"rendered":"https:\/\/www.clinica-sante.com\/ro\/analize-fara-categorie\/virus-epstein-barr-anticorpi-igm\/"},"modified":"2026-01-05T19:10:25","modified_gmt":"2026-01-05T17:10:25","slug":"virus-epstein-barr-anticorpi-igm","status":"publish","type":"product","link":"https:\/\/www.clinica-sante.com\/ro\/analize-boli-infectioase\/virus-epstein-barr-anticorpi-igm\/","title":{"rendered":"Virus Epstein Barr: Anticorpi IgM"},"content":{"rendered":"","protected":false},"excerpt":{"rendered":"<p>Prezen\u021ba anticorpilor IgM specifici sugereaz\u0103 o infec\u021bie acut\u0103 cu virusul Epstein-Barr (EBV). Sunt un marker precoce al mononucleozei infec\u021bioase, precum \u0219i un test de screening important pentru femeile \u00eens\u0103rcinate, \u00eempreun\u0103 cu anticorpii anti-EBV de tip IgG.<\/p>\n","protected":false},"featured_media":0,"template":"","meta":{"_acf_changed":false,"inline_featured_image":false},"product_brand":[],"product_cat":[1209,3179,2876],"product_tag":[],"class_list":{"0":"post-27272","1":"product","2":"type-product","3":"status-publish","5":"product_cat-analize","6":"product_cat-boli-infectioase","7":"product_cat-serviciu-laborator","8":"pa_conditii-medicale-afecti-mononucleoza-infectioasa","10":"first","11":"instock","12":"sale","13":"virtual","14":"purchasable","15":"product-type-simple"},"acf":[],"aioseo_notices":[],"_links":{"self":[{"href":"https:\/\/www.clinica-sante.com\/ro\/wp-json\/wp\/v2\/product\/27272","targetHints":{"allow":["GET"]}}],"collection":[{"href":"https:\/\/www.clinica-sante.com\/ro\/wp-json\/wp\/v2\/product"}],"about":[{"href":"https:\/\/www.clinica-sante.com\/ro\/wp-json\/wp\/v2\/types\/product"}],"wp:attachment":[{"href":"https:\/\/www.clinica-sante.com\/ro\/wp-json\/wp\/v2\/media?parent=27272"}],"wp:term":[{"taxonomy":"product_brand","embeddable":true,"href":"https:\/\/www.clinica-sante.com\/ro\/wp-json\/wp\/v2\/product_brand?post=27272"},{"taxonomy":"product_cat","embeddable":true,"href":"https:\/\/www.clinica-sante.com\/ro\/wp-json\/wp\/v2\/product_cat?post=27272"},{"taxonomy":"product_tag","embeddable":true,"href":"https:\/\/www.clinica-sante.com\/ro\/wp-json\/wp\/v2\/product_tag?post=27272"}],"curies":[{"name":"wp","href":"https:\/\/api.w.org\/{rel}","templated":true}]}}