{"id":27270,"date":"2025-06-24T15:52:01","date_gmt":"2025-06-24T12:52:01","guid":{"rendered":"https:\/\/www.clinica-sante.com\/ro\/analize-fara-categorie\/spermograma\/"},"modified":"2026-01-05T19:10:22","modified_gmt":"2026-01-05T17:10:22","slug":"spermograma","status":"publish","type":"product","link":"https:\/\/www.clinica-sante.com\/ro\/analize-microbiologie\/spermograma\/","title":{"rendered":"Spermograma"},"content":{"rendered":"","protected":false},"excerpt":{"rendered":"<p>Spermograma analizeaz\u0103 num\u0103rul, motilitatea \u0219i morfologia spermatozoizilor, identific\u00e2nd modific\u0103rile cantitative \u0219i calitative ale lichidului seminal. Este un test de baz\u0103 \u00een evaluarea fertilit\u0103\u021bii masculine \u0219i monitorizarea tratamentelor pentru infertilitate.<\/p>\n","protected":false},"featured_media":0,"template":"","meta":{"_acf_changed":false,"inline_featured_image":false},"product_brand":[],"product_cat":[1209,3152,2876],"product_tag":[],"class_list":{"0":"post-27270","1":"product","2":"type-product","3":"status-publish","5":"product_cat-analize","6":"product_cat-microbiologie","7":"product_cat-serviciu-laborator","9":"first","10":"instock","11":"sale","12":"virtual","13":"purchasable","14":"product-type-simple"},"acf":[],"aioseo_notices":[],"_links":{"self":[{"href":"https:\/\/www.clinica-sante.com\/ro\/wp-json\/wp\/v2\/product\/27270","targetHints":{"allow":["GET"]}}],"collection":[{"href":"https:\/\/www.clinica-sante.com\/ro\/wp-json\/wp\/v2\/product"}],"about":[{"href":"https:\/\/www.clinica-sante.com\/ro\/wp-json\/wp\/v2\/types\/product"}],"wp:attachment":[{"href":"https:\/\/www.clinica-sante.com\/ro\/wp-json\/wp\/v2\/media?parent=27270"}],"wp:term":[{"taxonomy":"product_brand","embeddable":true,"href":"https:\/\/www.clinica-sante.com\/ro\/wp-json\/wp\/v2\/product_brand?post=27270"},{"taxonomy":"product_cat","embeddable":true,"href":"https:\/\/www.clinica-sante.com\/ro\/wp-json\/wp\/v2\/product_cat?post=27270"},{"taxonomy":"product_tag","embeddable":true,"href":"https:\/\/www.clinica-sante.com\/ro\/wp-json\/wp\/v2\/product_tag?post=27270"}],"curies":[{"name":"wp","href":"https:\/\/api.w.org\/{rel}","templated":true}]}}