{"id":27256,"date":"2025-06-24T15:51:12","date_gmt":"2025-06-24T12:51:12","guid":{"rendered":"https:\/\/www.clinica-sante.com\/ro\/analize-fara-categorie\/factor-von-willebrand-activitate-si-antigen-si-factor-viii-activitate\/"},"modified":"2026-01-03T17:36:41","modified_gmt":"2026-01-03T15:36:41","slug":"factor-von-willebrand-activitate-si-antigen-si-factor-viii-activitate","status":"publish","type":"product","link":"https:\/\/www.clinica-sante.com\/ro\/analize-coagulare-si-hemostaza\/factor-von-willebrand-activitate-si-antigen-si-factor-viii-activitate\/","title":{"rendered":"Factor von Willebrand activitate si antigen si Factor VIII activitate"},"content":{"rendered":"","protected":false},"excerpt":{"rendered":"<p>Analiza detecteaz\u0103 prezen\u021ba \u0219i activitatea factorului von Willebrand, precum \u0219i activitatea factorului VIII, proteine esen\u021biale implicate \u00een ini\u021bierea \u0219i stabilizarea coagul\u0103rii s\u00e2ngelui. Determinarea este util\u0103 \u00een diagnosticul bolii von Willebrand, hemofiliei A \u0219i altor tulbur\u0103ri hemoragice, contribuind la evaluarea cauzelor s\u00e2nger\u0103rilor excesive sau prelungite.<\/p>\n","protected":false},"featured_media":0,"template":"","meta":{"_acf_changed":false,"inline_featured_image":false},"product_brand":[],"product_cat":[1209,3171,2876],"product_tag":[],"class_list":{"0":"post-27256","1":"product","2":"type-product","3":"status-publish","5":"product_cat-analize","6":"product_cat-coagulare-si-hemostaza","7":"product_cat-serviciu-laborator","8":"pa_conditii-medicale-afecti-tulburari-de-coagulare-trombofilie-hemofilie","10":"first","11":"instock","12":"sale","13":"virtual","14":"purchasable","15":"product-type-simple"},"acf":[],"aioseo_notices":[],"_links":{"self":[{"href":"https:\/\/www.clinica-sante.com\/ro\/wp-json\/wp\/v2\/product\/27256","targetHints":{"allow":["GET"]}}],"collection":[{"href":"https:\/\/www.clinica-sante.com\/ro\/wp-json\/wp\/v2\/product"}],"about":[{"href":"https:\/\/www.clinica-sante.com\/ro\/wp-json\/wp\/v2\/types\/product"}],"wp:attachment":[{"href":"https:\/\/www.clinica-sante.com\/ro\/wp-json\/wp\/v2\/media?parent=27256"}],"wp:term":[{"taxonomy":"product_brand","embeddable":true,"href":"https:\/\/www.clinica-sante.com\/ro\/wp-json\/wp\/v2\/product_brand?post=27256"},{"taxonomy":"product_cat","embeddable":true,"href":"https:\/\/www.clinica-sante.com\/ro\/wp-json\/wp\/v2\/product_cat?post=27256"},{"taxonomy":"product_tag","embeddable":true,"href":"https:\/\/www.clinica-sante.com\/ro\/wp-json\/wp\/v2\/product_tag?post=27256"}],"curies":[{"name":"wp","href":"https:\/\/api.w.org\/{rel}","templated":true}]}}