{"id":27249,"date":"2025-06-24T15:50:47","date_gmt":"2025-06-24T12:50:47","guid":{"rendered":"https:\/\/www.clinica-sante.com\/ro\/analize-fara-categorie\/trichinella-spiralis-anticorpi-igg\/"},"modified":"2026-01-05T19:09:47","modified_gmt":"2026-01-05T17:09:47","slug":"trichinella-spiralis-anticorpi-igg","status":"publish","type":"product","link":"https:\/\/www.clinica-sante.com\/ro\/analize-boli-infectioase\/trichinella-spiralis-anticorpi-igg\/","title":{"rendered":"Trichinella spiralis: Anticorpi IgG"},"content":{"rendered":"","protected":false},"excerpt":{"rendered":"<p>Determinarea anticorpilor IgG anti-Trichinella spiralis ajut\u0103 la diagnosticul \u0219i managementul trichinelozei, infec\u021bie parazitar\u0103 cauzat\u0103 de consumul de carne contaminat\u0103. Dozarea este recomandat\u0103 pacien\u021bilor simptomatici sau cu istoric alimentar suspect.<\/p>\n","protected":false},"featured_media":0,"template":"","meta":{"_acf_changed":false,"inline_featured_image":false},"product_brand":[],"product_cat":[1209,3179,2876],"product_tag":[],"class_list":{"0":"post-27249","1":"product","2":"type-product","3":"status-publish","5":"product_cat-analize","6":"product_cat-boli-infectioase","7":"product_cat-serviciu-laborator","9":"first","10":"instock","11":"sale","12":"virtual","13":"purchasable","14":"product-type-simple"},"acf":[],"aioseo_notices":[],"_links":{"self":[{"href":"https:\/\/www.clinica-sante.com\/ro\/wp-json\/wp\/v2\/product\/27249","targetHints":{"allow":["GET"]}}],"collection":[{"href":"https:\/\/www.clinica-sante.com\/ro\/wp-json\/wp\/v2\/product"}],"about":[{"href":"https:\/\/www.clinica-sante.com\/ro\/wp-json\/wp\/v2\/types\/product"}],"wp:attachment":[{"href":"https:\/\/www.clinica-sante.com\/ro\/wp-json\/wp\/v2\/media?parent=27249"}],"wp:term":[{"taxonomy":"product_brand","embeddable":true,"href":"https:\/\/www.clinica-sante.com\/ro\/wp-json\/wp\/v2\/product_brand?post=27249"},{"taxonomy":"product_cat","embeddable":true,"href":"https:\/\/www.clinica-sante.com\/ro\/wp-json\/wp\/v2\/product_cat?post=27249"},{"taxonomy":"product_tag","embeddable":true,"href":"https:\/\/www.clinica-sante.com\/ro\/wp-json\/wp\/v2\/product_tag?post=27249"}],"curies":[{"name":"wp","href":"https:\/\/api.w.org\/{rel}","templated":true}]}}