{"id":27227,"date":"2025-06-24T15:49:24","date_gmt":"2025-06-24T12:49:24","guid":{"rendered":"https:\/\/www.clinica-sante.com\/ro\/analize-fara-categorie\/fosfataza-acida-totala\/"},"modified":"2026-01-03T17:34:55","modified_gmt":"2026-01-03T15:34:55","slug":"fosfataza-acida-totala","status":"publish","type":"product","link":"https:\/\/www.clinica-sante.com\/ro\/analize-biochimie\/fosfataza-acida-totala\/","title":{"rendered":"Fosfataza acida totala"},"content":{"rendered":"","protected":false},"excerpt":{"rendered":"<p>Fosfataza acid\u0103 este o enzim\u0103 prezent\u0103 \u00een diverse \u021besuturi, cu activitate crescut\u0103 la nivelul prostatei, ficatului, splinei \u0219i oaselor. Determinarea nivelului total din s\u00e2nge este utilizat\u0103 \u00een evaluarea afec\u021biunilor prostatice, a bolilor osoase (ex. boala Paget) sau a unor tulbur\u0103ri hematologice. Testul poate avea \u0219i rol orientativ \u00een monitorizarea tratamentului sau a progresiei bolii.<\/p>\n","protected":false},"featured_media":0,"template":"","meta":{"_acf_changed":false,"inline_featured_image":false},"product_brand":[],"product_cat":[1209,3169,2876],"product_tag":[],"class_list":{"0":"post-27227","1":"product","2":"type-product","3":"status-publish","5":"product_cat-analize","6":"product_cat-biochimie","7":"product_cat-serviciu-laborator","8":"pa_conditii-medicale-afecti-cancer-de-prostata","10":"first","11":"instock","12":"sale","13":"virtual","14":"purchasable","15":"product-type-simple"},"acf":[],"aioseo_notices":[],"_links":{"self":[{"href":"https:\/\/www.clinica-sante.com\/ro\/wp-json\/wp\/v2\/product\/27227","targetHints":{"allow":["GET"]}}],"collection":[{"href":"https:\/\/www.clinica-sante.com\/ro\/wp-json\/wp\/v2\/product"}],"about":[{"href":"https:\/\/www.clinica-sante.com\/ro\/wp-json\/wp\/v2\/types\/product"}],"wp:attachment":[{"href":"https:\/\/www.clinica-sante.com\/ro\/wp-json\/wp\/v2\/media?parent=27227"}],"wp:term":[{"taxonomy":"product_brand","embeddable":true,"href":"https:\/\/www.clinica-sante.com\/ro\/wp-json\/wp\/v2\/product_brand?post=27227"},{"taxonomy":"product_cat","embeddable":true,"href":"https:\/\/www.clinica-sante.com\/ro\/wp-json\/wp\/v2\/product_cat?post=27227"},{"taxonomy":"product_tag","embeddable":true,"href":"https:\/\/www.clinica-sante.com\/ro\/wp-json\/wp\/v2\/product_tag?post=27227"}],"curies":[{"name":"wp","href":"https:\/\/api.w.org\/{rel}","templated":true}]}}