{"id":27225,"date":"2025-06-24T15:49:17","date_gmt":"2025-06-24T12:49:17","guid":{"rendered":"https:\/\/www.clinica-sante.com\/ro\/analize-fara-categorie\/apolipoproteina-b\/"},"modified":"2026-01-03T17:34:47","modified_gmt":"2026-01-03T15:34:47","slug":"apolipoproteina-b","status":"publish","type":"product","link":"https:\/\/www.clinica-sante.com\/ro\/analize-biochimie\/apolipoproteina-b\/","title":{"rendered":"Apolipoproteina B"},"content":{"rendered":"","protected":false},"excerpt":{"rendered":"<p>Apolipoproteina B este principalul component al lipoproteinelor aterogene (LDL, VLDL). Nivelul s\u0103u se coreleaz\u0103 cu riscul cardiovascular. Se recomand\u0103 \u00een evaluarea tulbur\u0103rilor metabolismului lipidic, sindromului metabolic sau diabetului zaharat pentru aprecierea riscului cardiovascular \u0219i monitorizarea terapiei hipolipemiante.<\/p>\n","protected":false},"featured_media":0,"template":"","meta":{"_acf_changed":false,"inline_featured_image":false},"product_brand":[],"product_cat":[1209,3169,2876],"product_tag":[],"class_list":{"0":"post-27225","1":"product","2":"type-product","3":"status-publish","5":"product_cat-analize","6":"product_cat-biochimie","7":"product_cat-serviciu-laborator","8":"pa_conditii-medicale-afecti-dislipidemie","10":"first","11":"instock","12":"sale","13":"virtual","14":"purchasable","15":"product-type-simple"},"acf":[],"aioseo_notices":[],"_links":{"self":[{"href":"https:\/\/www.clinica-sante.com\/ro\/wp-json\/wp\/v2\/product\/27225","targetHints":{"allow":["GET"]}}],"collection":[{"href":"https:\/\/www.clinica-sante.com\/ro\/wp-json\/wp\/v2\/product"}],"about":[{"href":"https:\/\/www.clinica-sante.com\/ro\/wp-json\/wp\/v2\/types\/product"}],"wp:attachment":[{"href":"https:\/\/www.clinica-sante.com\/ro\/wp-json\/wp\/v2\/media?parent=27225"}],"wp:term":[{"taxonomy":"product_brand","embeddable":true,"href":"https:\/\/www.clinica-sante.com\/ro\/wp-json\/wp\/v2\/product_brand?post=27225"},{"taxonomy":"product_cat","embeddable":true,"href":"https:\/\/www.clinica-sante.com\/ro\/wp-json\/wp\/v2\/product_cat?post=27225"},{"taxonomy":"product_tag","embeddable":true,"href":"https:\/\/www.clinica-sante.com\/ro\/wp-json\/wp\/v2\/product_tag?post=27225"}],"curies":[{"name":"wp","href":"https:\/\/api.w.org\/{rel}","templated":true}]}}