{"id":27204,"date":"2025-06-24T15:48:11","date_gmt":"2025-06-24T12:48:11","guid":{"rendered":"https:\/\/www.clinica-sante.com\/ro\/analize-fara-categorie\/litiu\/"},"modified":"2026-01-03T17:33:53","modified_gmt":"2026-01-03T15:33:53","slug":"litiu","status":"publish","type":"product","link":"https:\/\/www.clinica-sante.com\/ro\/analize-dozare-terapeutica-de-medicamente\/litiu\/","title":{"rendered":"Litiu"},"content":{"rendered":"","protected":false},"excerpt":{"rendered":"<p>Testul m\u0103soar\u0103 concentra\u021bia litiului \u00een s\u00e2nge, esen\u021bial\u0103 pentru monitorizarea pacien\u021bilor trata\u021bi cu s\u0103ruri de litiu, utilizate \u00een tulbur\u0103rile bipolare. Determinarea ajut\u0103 la ajustarea dozei optime \u0219i la prevenirea toxicit\u0103\u021bii, av\u00e2nd o importan\u021b\u0103 major\u0103 \u00een siguran\u021ba tratamentului.<\/p>\n","protected":false},"featured_media":0,"template":"","meta":{"_acf_changed":false,"inline_featured_image":false},"product_brand":[],"product_cat":[1209,3164,2876],"product_tag":[],"class_list":{"0":"post-27204","1":"product","2":"type-product","3":"status-publish","5":"product_cat-analize","6":"product_cat-dozare-terapeutica-de-medicamente","7":"product_cat-serviciu-laborator","9":"first","10":"instock","11":"sale","12":"virtual","13":"purchasable","14":"product-type-simple"},"acf":[],"aioseo_notices":[],"_links":{"self":[{"href":"https:\/\/www.clinica-sante.com\/ro\/wp-json\/wp\/v2\/product\/27204","targetHints":{"allow":["GET"]}}],"collection":[{"href":"https:\/\/www.clinica-sante.com\/ro\/wp-json\/wp\/v2\/product"}],"about":[{"href":"https:\/\/www.clinica-sante.com\/ro\/wp-json\/wp\/v2\/types\/product"}],"wp:attachment":[{"href":"https:\/\/www.clinica-sante.com\/ro\/wp-json\/wp\/v2\/media?parent=27204"}],"wp:term":[{"taxonomy":"product_brand","embeddable":true,"href":"https:\/\/www.clinica-sante.com\/ro\/wp-json\/wp\/v2\/product_brand?post=27204"},{"taxonomy":"product_cat","embeddable":true,"href":"https:\/\/www.clinica-sante.com\/ro\/wp-json\/wp\/v2\/product_cat?post=27204"},{"taxonomy":"product_tag","embeddable":true,"href":"https:\/\/www.clinica-sante.com\/ro\/wp-json\/wp\/v2\/product_tag?post=27204"}],"curies":[{"name":"wp","href":"https:\/\/api.w.org\/{rel}","templated":true}]}}