{"id":27192,"date":"2025-06-24T15:47:29","date_gmt":"2025-06-24T12:47:29","guid":{"rendered":"https:\/\/www.clinica-sante.com\/ro\/analize-fara-categorie\/vldl-colesterol\/"},"modified":"2026-01-05T19:08:48","modified_gmt":"2026-01-05T17:08:48","slug":"vldl-colesterol","status":"publish","type":"product","link":"https:\/\/www.clinica-sante.com\/ro\/analize-biochimie\/vldl-colesterol\/","title":{"rendered":"VLDL Colesterol"},"content":{"rendered":"","protected":false},"excerpt":{"rendered":"<p>VLDL este o lipoprotein\u0103 produs\u0103 de ficat care transport\u0103 trigliceridele la \u021besuturi. Dozarea face parte din profilul lipidic extins \u0219i este important\u0103 \u00een evaluarea riscului cardiovascular \u0219i monitorizarea pacien\u021bilor cu afec\u021biuni cardiace, sindrom metabolic sau obezitate.<\/p>\n","protected":false},"featured_media":0,"template":"","meta":{"_acf_changed":false,"inline_featured_image":false},"product_brand":[],"product_cat":[1209,3169,2876],"product_tag":[],"class_list":{"0":"post-27192","1":"product","2":"type-product","3":"status-publish","5":"product_cat-analize","6":"product_cat-biochimie","7":"product_cat-serviciu-laborator","8":"pa_conditii-medicale-afecti-dislipidemie","10":"first","11":"instock","12":"sale","13":"virtual","14":"purchasable","15":"product-type-simple"},"acf":[],"aioseo_notices":[],"_links":{"self":[{"href":"https:\/\/www.clinica-sante.com\/ro\/wp-json\/wp\/v2\/product\/27192","targetHints":{"allow":["GET"]}}],"collection":[{"href":"https:\/\/www.clinica-sante.com\/ro\/wp-json\/wp\/v2\/product"}],"about":[{"href":"https:\/\/www.clinica-sante.com\/ro\/wp-json\/wp\/v2\/types\/product"}],"wp:attachment":[{"href":"https:\/\/www.clinica-sante.com\/ro\/wp-json\/wp\/v2\/media?parent=27192"}],"wp:term":[{"taxonomy":"product_brand","embeddable":true,"href":"https:\/\/www.clinica-sante.com\/ro\/wp-json\/wp\/v2\/product_brand?post=27192"},{"taxonomy":"product_cat","embeddable":true,"href":"https:\/\/www.clinica-sante.com\/ro\/wp-json\/wp\/v2\/product_cat?post=27192"},{"taxonomy":"product_tag","embeddable":true,"href":"https:\/\/www.clinica-sante.com\/ro\/wp-json\/wp\/v2\/product_tag?post=27192"}],"curies":[{"name":"wp","href":"https:\/\/api.w.org\/{rel}","templated":true}]}}