{"id":27186,"date":"2025-06-24T15:47:07","date_gmt":"2025-06-24T12:47:07","guid":{"rendered":"https:\/\/www.clinica-sante.com\/ro\/analize-fara-categorie\/antigen-hdv\/"},"modified":"2026-01-05T19:08:45","modified_gmt":"2026-01-05T17:08:45","slug":"antigen-hdv","status":"publish","type":"product","link":"https:\/\/www.clinica-sante.com\/ro\/analize-boli-infectioase\/antigen-hdv\/","title":{"rendered":"Antigen HDV"},"content":{"rendered":"","protected":false},"excerpt":{"rendered":"<p>Antigenul HDV este o protein\u0103 specific\u0103 virusului hepatitei D (HDV), un virus defectiv care co-infecteaz\u0103 sau suprainfecteaz\u0103 pacien\u021bii cu hepatit\u0103 B. Prezen\u021ba lui indic\u0103 infec\u021bia HDV activ\u0103, fiind un marker important \u00een monitorizarea infec\u021biei cu virusul hepatitic B \u0219i evaluarea prognosticului acestor pacien\u021bi.<\/p>\n","protected":false},"featured_media":0,"template":"","meta":{"_acf_changed":false,"inline_featured_image":false},"product_brand":[],"product_cat":[1209,3179,2876],"product_tag":[],"class_list":{"0":"post-27186","1":"product","2":"type-product","3":"status-publish","5":"product_cat-analize","6":"product_cat-boli-infectioase","7":"product_cat-serviciu-laborator","8":"pa_conditii-medicale-afecti-hepatite-virale","9":"pa_parti-ale-corpului-organ-ficat-si-colecist","10":"pa_parti-ale-corpului-siste-sistem-digestiv","12":"first","13":"instock","14":"sale","15":"virtual","16":"purchasable","17":"product-type-simple"},"acf":[],"aioseo_notices":[],"_links":{"self":[{"href":"https:\/\/www.clinica-sante.com\/ro\/wp-json\/wp\/v2\/product\/27186","targetHints":{"allow":["GET"]}}],"collection":[{"href":"https:\/\/www.clinica-sante.com\/ro\/wp-json\/wp\/v2\/product"}],"about":[{"href":"https:\/\/www.clinica-sante.com\/ro\/wp-json\/wp\/v2\/types\/product"}],"wp:attachment":[{"href":"https:\/\/www.clinica-sante.com\/ro\/wp-json\/wp\/v2\/media?parent=27186"}],"wp:term":[{"taxonomy":"product_brand","embeddable":true,"href":"https:\/\/www.clinica-sante.com\/ro\/wp-json\/wp\/v2\/product_brand?post=27186"},{"taxonomy":"product_cat","embeddable":true,"href":"https:\/\/www.clinica-sante.com\/ro\/wp-json\/wp\/v2\/product_cat?post=27186"},{"taxonomy":"product_tag","embeddable":true,"href":"https:\/\/www.clinica-sante.com\/ro\/wp-json\/wp\/v2\/product_tag?post=27186"}],"curies":[{"name":"wp","href":"https:\/\/api.w.org\/{rel}","templated":true}]}}