{"id":27172,"date":"2025-06-24T14:46:18","date_gmt":"2025-06-24T12:46:18","guid":{"rendered":"https:\/\/www.clinica-sante.com\/ro\/analize-fara-categorie\/ms-mlpa-pentru-sindrom-prader-willi-sindrom-angelman-diagnostic-prenatal\/"},"modified":"2026-02-27T17:58:49","modified_gmt":"2026-02-27T15:58:49","slug":"ms-mlpa-pentru-sindrom-prader-willi-sindrom-angelman-diagnostic-prenatal","status":"publish","type":"product","link":"https:\/\/www.clinica-sante.com\/ro\/analize-genetica-in-sarcina\/ms-mlpa-pentru-sindrom-prader-willi-sindrom-angelman-diagnostic-prenatal\/","title":{"rendered":"MS-MLPA pentru Sindrom Prader-Willi \/Sindrom Angelman (diagnostic prenatal)"},"content":{"rendered":"","protected":false},"excerpt":{"rendered":"<p>Test genetic prenatal care identific\u0103 modific\u0103ri pe cromozomul 15 asociate cu sindroamele Prader-Willi \u0219i Angelman, dou\u0103 afec\u021biuni genetice rare caracterizate prin \u00eent\u00e2rziere \u00een dezvoltare, tulbur\u0103ri neurologice \u0219i comportamentale. Este recomandat \u00een sarcinile cu risc crescut, pentru confirmarea diagnosticului \u0219i consiliere genetic\u0103.<\/p>\n","protected":false},"featured_media":0,"template":"","meta":{"_acf_changed":false,"inline_featured_image":false},"product_brand":[],"product_cat":[1209,3173,2876],"product_tag":[],"class_list":{"0":"post-27172","1":"product","2":"type-product","3":"status-publish","5":"product_cat-analize","6":"product_cat-genetica-in-sarcina","7":"product_cat-serviciu-laborator","8":"pa_genetica-genetica-in-sarcina","10":"first","11":"instock","12":"sale","13":"virtual","14":"purchasable","15":"product-type-simple"},"acf":[],"aioseo_notices":[],"_links":{"self":[{"href":"https:\/\/www.clinica-sante.com\/ro\/wp-json\/wp\/v2\/product\/27172","targetHints":{"allow":["GET"]}}],"collection":[{"href":"https:\/\/www.clinica-sante.com\/ro\/wp-json\/wp\/v2\/product"}],"about":[{"href":"https:\/\/www.clinica-sante.com\/ro\/wp-json\/wp\/v2\/types\/product"}],"wp:attachment":[{"href":"https:\/\/www.clinica-sante.com\/ro\/wp-json\/wp\/v2\/media?parent=27172"}],"wp:term":[{"taxonomy":"product_brand","embeddable":true,"href":"https:\/\/www.clinica-sante.com\/ro\/wp-json\/wp\/v2\/product_brand?post=27172"},{"taxonomy":"product_cat","embeddable":true,"href":"https:\/\/www.clinica-sante.com\/ro\/wp-json\/wp\/v2\/product_cat?post=27172"},{"taxonomy":"product_tag","embeddable":true,"href":"https:\/\/www.clinica-sante.com\/ro\/wp-json\/wp\/v2\/product_tag?post=27172"}],"curies":[{"name":"wp","href":"https:\/\/api.w.org\/{rel}","templated":true}]}}