{"id":27160,"date":"2025-06-24T15:45:37","date_gmt":"2025-06-24T12:45:37","guid":{"rendered":"https:\/\/www.clinica-sante.com\/ro\/analize-fara-categorie\/hemocromatoza-ereditara-detectia-mutatiei-s65c-la-nivelul-genei-hfe\/"},"modified":"2026-02-27T17:58:28","modified_gmt":"2026-02-27T15:58:28","slug":"hemocromatoza-ereditara-detectia-mutatiei-s65c-la-nivelul-genei-hfe","status":"publish","type":"product","link":"https:\/\/www.clinica-sante.com\/ro\/analize-diagnostic-genetic\/hemocromatoza-ereditara-detectia-mutatiei-s65c-la-nivelul-genei-hfe\/","title":{"rendered":"Hemocromatoza ereditara &#8211; detectia mutatiei S65C la nivelul genei HFE"},"content":{"rendered":"","protected":false},"excerpt":{"rendered":"<p>Analiza genetic\u0103 identific\u0103 prezen\u021ba muta\u021biei S65C \u00een gena HFE, asociat\u0103 cu hemocromatoza ereditar\u0103 \u2013 o afec\u021biune caracterizat\u0103 prin absorb\u021bia excesiv\u0103 a fierului \u00een organism. Testul este recomandat \u00een evaluarea pacien\u021bilor cu suprainc\u0103rcare de fier, afec\u021biuni hepatice, diabet sau istoric familial de hemocromatoz\u0103.<\/p>\n","protected":false},"featured_media":0,"template":"","meta":{"_acf_changed":false,"inline_featured_image":false},"product_brand":[],"product_cat":[1209,3166,2876],"product_tag":[],"class_list":{"0":"post-27160","1":"product","2":"type-product","3":"status-publish","5":"product_cat-analize","6":"product_cat-diagnostic-genetic","7":"product_cat-serviciu-laborator","8":"pa_conditii-medicale-afecti-hemocromatoza","9":"pa_parti-ale-corpului-organ-ficat-si-colecist","10":"pa_parti-ale-corpului-siste-sistem-digestiv","12":"first","13":"instock","14":"sale","15":"virtual","16":"purchasable","17":"product-type-simple"},"acf":[],"aioseo_notices":[],"_links":{"self":[{"href":"https:\/\/www.clinica-sante.com\/ro\/wp-json\/wp\/v2\/product\/27160","targetHints":{"allow":["GET"]}}],"collection":[{"href":"https:\/\/www.clinica-sante.com\/ro\/wp-json\/wp\/v2\/product"}],"about":[{"href":"https:\/\/www.clinica-sante.com\/ro\/wp-json\/wp\/v2\/types\/product"}],"wp:attachment":[{"href":"https:\/\/www.clinica-sante.com\/ro\/wp-json\/wp\/v2\/media?parent=27160"}],"wp:term":[{"taxonomy":"product_brand","embeddable":true,"href":"https:\/\/www.clinica-sante.com\/ro\/wp-json\/wp\/v2\/product_brand?post=27160"},{"taxonomy":"product_cat","embeddable":true,"href":"https:\/\/www.clinica-sante.com\/ro\/wp-json\/wp\/v2\/product_cat?post=27160"},{"taxonomy":"product_tag","embeddable":true,"href":"https:\/\/www.clinica-sante.com\/ro\/wp-json\/wp\/v2\/product_tag?post=27160"}],"curies":[{"name":"wp","href":"https:\/\/api.w.org\/{rel}","templated":true}]}}