{"id":27146,"date":"2025-06-24T15:44:48","date_gmt":"2025-06-24T12:44:48","guid":{"rendered":"https:\/\/www.clinica-sante.com\/ro\/analize-fara-categorie\/elastaza-pancreatica-materii-fecale\/"},"modified":"2026-01-05T19:08:06","modified_gmt":"2026-01-05T17:08:06","slug":"elastaza-pancreatica-materii-fecale","status":"publish","type":"product","link":"https:\/\/www.clinica-sante.com\/ro\/analize-coprologie-si-screening-digestiv\/elastaza-pancreatica-materii-fecale\/","title":{"rendered":"Elastaza pancreatica (materii fecale)"},"content":{"rendered":"","protected":false},"excerpt":{"rendered":"<p>Testul m\u0103soar\u0103 concentra\u021bia de elastaz\u0103-1 pancreatic\u0103 \u00een scaun, o enzim\u0103 stabil\u0103 produs\u0103 de pancreas. Determinarea este utilizat\u0103 pentru evaluarea func\u021biei exocrine pancreatice, \u00een special \u00een cazuri de steatoree, malabsorb\u021bie sau fibroz\u0103 chistic\u0103.<\/p>\n","protected":false},"featured_media":0,"template":"","meta":{"_acf_changed":false,"inline_featured_image":false},"product_brand":[],"product_cat":[1209,3791,2876],"product_tag":[],"class_list":{"0":"post-27146","1":"product","2":"type-product","3":"status-publish","5":"product_cat-analize","6":"product_cat-coprologie-si-screening-digestiv","7":"product_cat-serviciu-laborator","8":"pa_conditii-medicale-afecti-insuficienta-pancreatica","9":"pa_conditii-medicale-afecti-pancreatita-afectiuni-inflamatorii","10":"pa_parti-ale-corpului-organ-pancreas","11":"pa_parti-ale-corpului-siste-sistem-digestiv","13":"first","14":"instock","15":"sale","16":"virtual","17":"purchasable","18":"product-type-simple"},"acf":[],"aioseo_notices":[],"_links":{"self":[{"href":"https:\/\/www.clinica-sante.com\/ro\/wp-json\/wp\/v2\/product\/27146","targetHints":{"allow":["GET"]}}],"collection":[{"href":"https:\/\/www.clinica-sante.com\/ro\/wp-json\/wp\/v2\/product"}],"about":[{"href":"https:\/\/www.clinica-sante.com\/ro\/wp-json\/wp\/v2\/types\/product"}],"wp:attachment":[{"href":"https:\/\/www.clinica-sante.com\/ro\/wp-json\/wp\/v2\/media?parent=27146"}],"wp:term":[{"taxonomy":"product_brand","embeddable":true,"href":"https:\/\/www.clinica-sante.com\/ro\/wp-json\/wp\/v2\/product_brand?post=27146"},{"taxonomy":"product_cat","embeddable":true,"href":"https:\/\/www.clinica-sante.com\/ro\/wp-json\/wp\/v2\/product_cat?post=27146"},{"taxonomy":"product_tag","embeddable":true,"href":"https:\/\/www.clinica-sante.com\/ro\/wp-json\/wp\/v2\/product_tag?post=27146"}],"curies":[{"name":"wp","href":"https:\/\/api.w.org\/{rel}","templated":true}]}}