{"id":27132,"date":"2025-06-24T15:43:57","date_gmt":"2025-06-24T12:43:57","guid":{"rendered":"https:\/\/www.clinica-sante.com\/ro\/analize-fara-categorie\/antigen-hbs\/"},"modified":"2026-01-05T19:07:46","modified_gmt":"2026-01-05T17:07:46","slug":"antigen-hbs","status":"publish","type":"product","link":"https:\/\/www.clinica-sante.com\/ro\/analize-boli-infectioase\/antigen-hbs\/","title":{"rendered":"Antigen HBs"},"content":{"rendered":"","protected":false},"excerpt":{"rendered":"<p>Antigenul HBs este o protein\u0103 de suprafa\u021b\u0103 a virusului hepatitic B (HBV), detectabil\u0103 \u00een s\u00e2nge \u00eenc\u0103 din fazele ini\u021biale ale infec\u021biei. Este un marker serologic al infec\u021biei active cu HBV, utilizat \u00een screeningul \u0219i diagnosticul hepatitei B.<\/p>\n","protected":false},"featured_media":0,"template":"","meta":{"_acf_changed":false,"inline_featured_image":false},"product_brand":[],"product_cat":[1209,3179,2876],"product_tag":[],"class_list":{"0":"post-27132","1":"product","2":"type-product","3":"status-publish","5":"product_cat-analize","6":"product_cat-boli-infectioase","7":"product_cat-serviciu-laborator","8":"pa_conditii-medicale-afecti-hepatite-virale","9":"pa_conditii-medicale-afecti-infectii-cu-transmitere-sexuala","10":"pa_parti-ale-corpului-organ-ficat-si-colecist","11":"pa_parti-ale-corpului-siste-sistem-digestiv","13":"first","14":"instock","15":"sale","16":"virtual","17":"purchasable","18":"product-type-simple"},"acf":[],"aioseo_notices":[],"_links":{"self":[{"href":"https:\/\/www.clinica-sante.com\/ro\/wp-json\/wp\/v2\/product\/27132","targetHints":{"allow":["GET"]}}],"collection":[{"href":"https:\/\/www.clinica-sante.com\/ro\/wp-json\/wp\/v2\/product"}],"about":[{"href":"https:\/\/www.clinica-sante.com\/ro\/wp-json\/wp\/v2\/types\/product"}],"wp:attachment":[{"href":"https:\/\/www.clinica-sante.com\/ro\/wp-json\/wp\/v2\/media?parent=27132"}],"wp:term":[{"taxonomy":"product_brand","embeddable":true,"href":"https:\/\/www.clinica-sante.com\/ro\/wp-json\/wp\/v2\/product_brand?post=27132"},{"taxonomy":"product_cat","embeddable":true,"href":"https:\/\/www.clinica-sante.com\/ro\/wp-json\/wp\/v2\/product_cat?post=27132"},{"taxonomy":"product_tag","embeddable":true,"href":"https:\/\/www.clinica-sante.com\/ro\/wp-json\/wp\/v2\/product_tag?post=27132"}],"curies":[{"name":"wp","href":"https:\/\/api.w.org\/{rel}","templated":true}]}}