{"id":27131,"date":"2025-06-24T15:43:53","date_gmt":"2025-06-24T12:43:53","guid":{"rendered":"https:\/\/www.clinica-sante.com\/ro\/analize-fara-categorie\/amprenta-anala\/"},"modified":"2026-01-05T19:07:43","modified_gmt":"2026-01-05T17:07:43","slug":"amprenta-anala","status":"publish","type":"product","link":"https:\/\/www.clinica-sante.com\/ro\/analize-microbiologie\/amprenta-anala\/","title":{"rendered":"Amprenta anala"},"content":{"rendered":"","protected":false},"excerpt":{"rendered":"<p>Amprenta anal\u0103 este o metod\u0103 eficient\u0103 de depistare a ou\u0103lelor de oxiuri (Enterobius vermicularis), parazi\u021bi intestinali care infesteaz\u0103 \u00een special copiii, determin\u00e2nd prurit anal \u0219i tulbur\u0103ri digestive. Testul presupune aplicarea unei benzi adezive speciale la nivelul zonei perianale \u0219i examinarea microscopic\u0103 a probei colectate.<\/p>\n","protected":false},"featured_media":0,"template":"","meta":{"_acf_changed":false,"inline_featured_image":false},"product_brand":[],"product_cat":[1209,3152,2876],"product_tag":[],"class_list":{"0":"post-27131","1":"product","2":"type-product","3":"status-publish","5":"product_cat-analize","6":"product_cat-microbiologie","7":"product_cat-serviciu-laborator","9":"first","10":"instock","11":"sale","12":"virtual","13":"purchasable","14":"product-type-simple"},"acf":[],"aioseo_notices":[],"_links":{"self":[{"href":"https:\/\/www.clinica-sante.com\/ro\/wp-json\/wp\/v2\/product\/27131","targetHints":{"allow":["GET"]}}],"collection":[{"href":"https:\/\/www.clinica-sante.com\/ro\/wp-json\/wp\/v2\/product"}],"about":[{"href":"https:\/\/www.clinica-sante.com\/ro\/wp-json\/wp\/v2\/types\/product"}],"wp:attachment":[{"href":"https:\/\/www.clinica-sante.com\/ro\/wp-json\/wp\/v2\/media?parent=27131"}],"wp:term":[{"taxonomy":"product_brand","embeddable":true,"href":"https:\/\/www.clinica-sante.com\/ro\/wp-json\/wp\/v2\/product_brand?post=27131"},{"taxonomy":"product_cat","embeddable":true,"href":"https:\/\/www.clinica-sante.com\/ro\/wp-json\/wp\/v2\/product_cat?post=27131"},{"taxonomy":"product_tag","embeddable":true,"href":"https:\/\/www.clinica-sante.com\/ro\/wp-json\/wp\/v2\/product_tag?post=27131"}],"curies":[{"name":"wp","href":"https:\/\/api.w.org\/{rel}","templated":true}]}}