{"id":27129,"date":"2025-06-24T15:43:47","date_gmt":"2025-06-24T12:43:47","guid":{"rendered":"https:\/\/www.clinica-sante.com\/ro\/analize-fara-categorie\/ft3-triiodotironina-libera\/"},"modified":"2026-01-05T19:07:40","modified_gmt":"2026-01-05T17:07:40","slug":"ft3-triiodotironina-libera","status":"publish","type":"product","link":"https:\/\/www.clinica-sante.com\/ro\/analize-imunologie\/ft3-triiodotironina-libera\/","title":{"rendered":"FT3 (Triiodotironina libera)"},"content":{"rendered":"","protected":false},"excerpt":{"rendered":"<p>FT3 (Triiodotironina liber\u0103) este forma liber\u0103, activ\u0103 a hormonului tiroidian T3, implicat \u00een reglarea metabolismului \u0219i func\u021biilor vitale ale organismului. Testul este un indicator sensibil al func\u021biei tiroidiene \u0219i \u00eempreun\u0103 cu TSH \u0219i T4 ajut\u0103 la diagnosticul \u0219i monitorizarea r\u0103spunsului la tratament \u00een hipertiroidism.<\/p>\n","protected":false},"featured_media":0,"template":"","meta":{"_acf_changed":false,"inline_featured_image":false},"product_brand":[],"product_cat":[1209,3180,2876],"product_tag":[],"class_list":{"0":"post-27129","1":"product","2":"type-product","3":"status-publish","5":"product_cat-analize","6":"product_cat-imunologie","7":"product_cat-serviciu-laborator","8":"pa_conditii-medicale-afecti-hipertiroidism","9":"pa_conditii-medicale-afecti-hipotiroidism","10":"pa_parti-ale-corpului-organ-glanda-tiroida","11":"pa_parti-ale-corpului-siste-sistem-endocrin","13":"first","14":"instock","15":"sale","16":"virtual","17":"purchasable","18":"product-type-simple"},"acf":[],"aioseo_notices":[],"_links":{"self":[{"href":"https:\/\/www.clinica-sante.com\/ro\/wp-json\/wp\/v2\/product\/27129","targetHints":{"allow":["GET"]}}],"collection":[{"href":"https:\/\/www.clinica-sante.com\/ro\/wp-json\/wp\/v2\/product"}],"about":[{"href":"https:\/\/www.clinica-sante.com\/ro\/wp-json\/wp\/v2\/types\/product"}],"wp:attachment":[{"href":"https:\/\/www.clinica-sante.com\/ro\/wp-json\/wp\/v2\/media?parent=27129"}],"wp:term":[{"taxonomy":"product_brand","embeddable":true,"href":"https:\/\/www.clinica-sante.com\/ro\/wp-json\/wp\/v2\/product_brand?post=27129"},{"taxonomy":"product_cat","embeddable":true,"href":"https:\/\/www.clinica-sante.com\/ro\/wp-json\/wp\/v2\/product_cat?post=27129"},{"taxonomy":"product_tag","embeddable":true,"href":"https:\/\/www.clinica-sante.com\/ro\/wp-json\/wp\/v2\/product_tag?post=27129"}],"curies":[{"name":"wp","href":"https:\/\/api.w.org\/{rel}","templated":true}]}}