{"id":27127,"date":"2025-06-24T15:43:40","date_gmt":"2025-06-24T12:43:40","guid":{"rendered":"https:\/\/www.clinica-sante.com\/ro\/analize-fara-categorie\/coprocultura-identificare-fungica\/"},"modified":"2026-01-05T19:07:34","modified_gmt":"2026-01-05T17:07:34","slug":"coprocultura-identificare-fungica","status":"publish","type":"product","link":"https:\/\/www.clinica-sante.com\/ro\/analize-microbiologie\/coprocultura-identificare-fungica\/","title":{"rendered":"Coprocultura &#8211; identificare fungica"},"content":{"rendered":"","protected":false},"excerpt":{"rendered":"<p>Testul identific\u0103 fungi patogeni \u00een materiile fecale, fiind indicat \u00een suspiciunea de infec\u021bii intestinale fungice. Este util \u00een investigarea diareelor prelungite, la pacien\u021bi cu tratamente antibiotice sau \u00een condi\u021bii de imunodepresie.<\/p>\n","protected":false},"featured_media":0,"template":"","meta":{"_acf_changed":false,"inline_featured_image":false},"product_brand":[],"product_cat":[1209,3152,2876],"product_tag":[],"class_list":{"0":"post-27127","1":"product","2":"type-product","3":"status-publish","5":"product_cat-analize","6":"product_cat-microbiologie","7":"product_cat-serviciu-laborator","9":"first","10":"instock","11":"sale","12":"virtual","13":"purchasable","14":"product-type-simple"},"acf":[],"aioseo_notices":[],"_links":{"self":[{"href":"https:\/\/www.clinica-sante.com\/ro\/wp-json\/wp\/v2\/product\/27127","targetHints":{"allow":["GET"]}}],"collection":[{"href":"https:\/\/www.clinica-sante.com\/ro\/wp-json\/wp\/v2\/product"}],"about":[{"href":"https:\/\/www.clinica-sante.com\/ro\/wp-json\/wp\/v2\/types\/product"}],"wp:attachment":[{"href":"https:\/\/www.clinica-sante.com\/ro\/wp-json\/wp\/v2\/media?parent=27127"}],"wp:term":[{"taxonomy":"product_brand","embeddable":true,"href":"https:\/\/www.clinica-sante.com\/ro\/wp-json\/wp\/v2\/product_brand?post=27127"},{"taxonomy":"product_cat","embeddable":true,"href":"https:\/\/www.clinica-sante.com\/ro\/wp-json\/wp\/v2\/product_cat?post=27127"},{"taxonomy":"product_tag","embeddable":true,"href":"https:\/\/www.clinica-sante.com\/ro\/wp-json\/wp\/v2\/product_tag?post=27127"}],"curies":[{"name":"wp","href":"https:\/\/api.w.org\/{rel}","templated":true}]}}