{"id":27123,"date":"2025-06-24T15:43:27","date_gmt":"2025-06-24T12:43:27","guid":{"rendered":"https:\/\/www.clinica-sante.com\/ro\/analize-fara-categorie\/ige-specific-la-praf-de-casa-dermatophagoides-pteronyssinus-rder-p-2-d203\/"},"modified":"2026-01-03T17:29:43","modified_gmt":"2026-01-03T15:29:43","slug":"ige-specific-la-praf-de-casa-dermatophagoides-pteronyssinus-rder-p-2-d203","status":"publish","type":"product","link":"https:\/\/www.clinica-sante.com\/ro\/analize-alergologie\/ige-specific-la-praf-de-casa-dermatophagoides-pteronyssinus-rder-p-2-d203\/","title":{"rendered":"IgE specific la praf de casa (Dermatophagoides pteronyssinus) rDer p 2 (d203)"},"content":{"rendered":"","protected":false},"excerpt":{"rendered":"<p>Analiza evalueaz\u0103 IgE specifice pentru Der p 2, una dintre proteinele majore ale acarienilor. Testul este util \u00een diagnosticul formelor persistente de rinit\u0103 alergic\u0103 \u0219i astm asociate expunerii la praf de cas\u0103.<\/p>\n","protected":false},"featured_media":0,"template":"","meta":{"_acf_changed":false,"inline_featured_image":false},"product_brand":[],"product_cat":[3151,1209,2876],"product_tag":[],"class_list":{"0":"post-27123","1":"product","2":"type-product","3":"status-publish","5":"product_cat-alergologie","6":"product_cat-analize","7":"product_cat-serviciu-laborator","9":"first","10":"instock","11":"sale","12":"virtual","13":"purchasable","14":"product-type-simple"},"acf":[],"aioseo_notices":[],"_links":{"self":[{"href":"https:\/\/www.clinica-sante.com\/ro\/wp-json\/wp\/v2\/product\/27123","targetHints":{"allow":["GET"]}}],"collection":[{"href":"https:\/\/www.clinica-sante.com\/ro\/wp-json\/wp\/v2\/product"}],"about":[{"href":"https:\/\/www.clinica-sante.com\/ro\/wp-json\/wp\/v2\/types\/product"}],"wp:attachment":[{"href":"https:\/\/www.clinica-sante.com\/ro\/wp-json\/wp\/v2\/media?parent=27123"}],"wp:term":[{"taxonomy":"product_brand","embeddable":true,"href":"https:\/\/www.clinica-sante.com\/ro\/wp-json\/wp\/v2\/product_brand?post=27123"},{"taxonomy":"product_cat","embeddable":true,"href":"https:\/\/www.clinica-sante.com\/ro\/wp-json\/wp\/v2\/product_cat?post=27123"},{"taxonomy":"product_tag","embeddable":true,"href":"https:\/\/www.clinica-sante.com\/ro\/wp-json\/wp\/v2\/product_tag?post=27123"}],"curies":[{"name":"wp","href":"https:\/\/api.w.org\/{rel}","templated":true}]}}