{"id":27116,"date":"2025-06-24T15:43:04","date_gmt":"2025-06-24T12:43:04","guid":{"rendered":"https:\/\/www.clinica-sante.com\/ro\/analize-fara-categorie\/chlamydia-trachomatis-si-neisseria-gonorrhoeae-detectie-arnr\/"},"modified":"2026-02-27T17:57:47","modified_gmt":"2026-02-27T15:57:47","slug":"chlamydia-trachomatis-si-neisseria-gonorrhoeae-detectie-arnr","status":"publish","type":"product","link":"https:\/\/www.clinica-sante.com\/ro\/analize-genetica-infectioasa\/chlamydia-trachomatis-si-neisseria-gonorrhoeae-detectie-arnr\/","title":{"rendered":"Chlamydia trachomatis si Neisseria gonorrhoeae &#8211; detectie ARNr"},"content":{"rendered":"","protected":false},"excerpt":{"rendered":"<p>Testarea molecular\u0103 detecteaz\u0103 ARN-ul ribozomal al bacteriilor Chlamydia trachomatis \u0219i Neisseria gonorrhoeae, agen\u021bi frecven\u021bi ai infec\u021biilor cu transmitere sexual\u0103. Este un test de \u00eenalt\u0103 sensibilitate, recomandat pentru diagnosticarea formelor acute, cronice sau asimptomatice.<\/p>\n","protected":false},"featured_media":0,"template":"","meta":{"_acf_changed":false,"inline_featured_image":false},"product_brand":[],"product_cat":[1209,3172,2876],"product_tag":[],"class_list":{"0":"post-27116","1":"product","2":"type-product","3":"status-publish","5":"product_cat-analize","6":"product_cat-genetica-infectioasa","7":"product_cat-serviciu-laborator","9":"first","10":"instock","11":"sale","12":"virtual","13":"purchasable","14":"product-type-simple"},"acf":[],"aioseo_notices":[],"_links":{"self":[{"href":"https:\/\/www.clinica-sante.com\/ro\/wp-json\/wp\/v2\/product\/27116","targetHints":{"allow":["GET"]}}],"collection":[{"href":"https:\/\/www.clinica-sante.com\/ro\/wp-json\/wp\/v2\/product"}],"about":[{"href":"https:\/\/www.clinica-sante.com\/ro\/wp-json\/wp\/v2\/types\/product"}],"wp:attachment":[{"href":"https:\/\/www.clinica-sante.com\/ro\/wp-json\/wp\/v2\/media?parent=27116"}],"wp:term":[{"taxonomy":"product_brand","embeddable":true,"href":"https:\/\/www.clinica-sante.com\/ro\/wp-json\/wp\/v2\/product_brand?post=27116"},{"taxonomy":"product_cat","embeddable":true,"href":"https:\/\/www.clinica-sante.com\/ro\/wp-json\/wp\/v2\/product_cat?post=27116"},{"taxonomy":"product_tag","embeddable":true,"href":"https:\/\/www.clinica-sante.com\/ro\/wp-json\/wp\/v2\/product_tag?post=27116"}],"curies":[{"name":"wp","href":"https:\/\/api.w.org\/{rel}","templated":true}]}}