{"id":27113,"date":"2025-06-24T14:42:54","date_gmt":"2025-06-24T12:42:54","guid":{"rendered":"https:\/\/www.clinica-sante.com\/ro\/analize-fara-categorie\/apolipoproteina-a1\/"},"modified":"2026-02-23T12:00:44","modified_gmt":"2026-02-23T10:00:44","slug":"apolipoproteina-a1","status":"publish","type":"product","link":"https:\/\/www.clinica-sante.com\/ro\/analize-biochimie\/apolipoproteina-a1\/","title":{"rendered":"Apolipoproteina A1 (apo A)"},"content":{"rendered":"","protected":false},"excerpt":{"rendered":"<p>Testul m\u0103soar\u0103 nivelul seric al apolipoproteinei A1, componenta principal\u0103 a formei HDL de transport al colesterolului (\u201ecolesterolul bun\u201d). Determinarea este util\u0103 \u00een evaluarea riscului cardiovascular \u0219i \u00een monitorizarea tulbur\u0103rilor lipidice.<\/p>\n","protected":false},"featured_media":0,"template":"","meta":{"_acf_changed":false,"inline_featured_image":false},"product_brand":[],"product_cat":[1209,3169,2876],"product_tag":[],"class_list":{"0":"post-27113","1":"product","2":"type-product","3":"status-publish","5":"product_cat-analize","6":"product_cat-biochimie","7":"product_cat-serviciu-laborator","8":"pa_conditii-medicale-afecti-dislipidemie","10":"first","11":"instock","12":"sale","13":"virtual","14":"purchasable","15":"product-type-simple"},"acf":[],"aioseo_notices":[],"_links":{"self":[{"href":"https:\/\/www.clinica-sante.com\/ro\/wp-json\/wp\/v2\/product\/27113","targetHints":{"allow":["GET"]}}],"collection":[{"href":"https:\/\/www.clinica-sante.com\/ro\/wp-json\/wp\/v2\/product"}],"about":[{"href":"https:\/\/www.clinica-sante.com\/ro\/wp-json\/wp\/v2\/types\/product"}],"wp:attachment":[{"href":"https:\/\/www.clinica-sante.com\/ro\/wp-json\/wp\/v2\/media?parent=27113"}],"wp:term":[{"taxonomy":"product_brand","embeddable":true,"href":"https:\/\/www.clinica-sante.com\/ro\/wp-json\/wp\/v2\/product_brand?post=27113"},{"taxonomy":"product_cat","embeddable":true,"href":"https:\/\/www.clinica-sante.com\/ro\/wp-json\/wp\/v2\/product_cat?post=27113"},{"taxonomy":"product_tag","embeddable":true,"href":"https:\/\/www.clinica-sante.com\/ro\/wp-json\/wp\/v2\/product_tag?post=27113"}],"curies":[{"name":"wp","href":"https:\/\/api.w.org\/{rel}","templated":true}]}}