{"id":27105,"date":"2025-06-24T15:42:29","date_gmt":"2025-06-24T12:42:29","guid":{"rendered":"https:\/\/www.clinica-sante.com\/ro\/analize-fara-categorie\/detectie-arn-hepatita-e\/"},"modified":"2026-02-27T17:57:36","modified_gmt":"2026-02-27T15:57:36","slug":"detectie-arn-hepatita-e","status":"publish","type":"product","link":"https:\/\/www.clinica-sante.com\/ro\/analize-genetica-infectioasa\/detectie-arn-hepatita-e\/","title":{"rendered":"Detectie ARN hepatita E"},"content":{"rendered":"","protected":false},"excerpt":{"rendered":"<p>Testul detecteaz\u0103 ARN-ul virusului hepatitic E (HEV) \u00een s\u00e2nge prin metode moleculare (RT-PCR), confirm\u00e2nd prezen\u021ba unei infec\u021bii active. Este recomandat \u00een evaluarea cazurilor de hepatit\u0103 acut\u0103 cu etiologie incert\u0103, \u00een special la gravide, pacien\u021bi imunocompromi\u0219i sau cu transplant, unde infec\u021bia poate evolua sever sau cronic.<\/p>\n","protected":false},"featured_media":0,"template":"","meta":{"_acf_changed":false,"inline_featured_image":false},"product_brand":[],"product_cat":[1209,3172,2876],"product_tag":[],"class_list":{"0":"post-27105","1":"product","2":"type-product","3":"status-publish","5":"product_cat-analize","6":"product_cat-genetica-infectioasa","7":"product_cat-serviciu-laborator","8":"pa_conditii-medicale-afecti-hepatite-virale","9":"pa_parti-ale-corpului-organ-ficat-si-colecist","10":"pa_parti-ale-corpului-siste-sistem-digestiv","12":"first","13":"instock","14":"sale","15":"virtual","16":"purchasable","17":"product-type-simple"},"acf":[],"aioseo_notices":[],"_links":{"self":[{"href":"https:\/\/www.clinica-sante.com\/ro\/wp-json\/wp\/v2\/product\/27105","targetHints":{"allow":["GET"]}}],"collection":[{"href":"https:\/\/www.clinica-sante.com\/ro\/wp-json\/wp\/v2\/product"}],"about":[{"href":"https:\/\/www.clinica-sante.com\/ro\/wp-json\/wp\/v2\/types\/product"}],"wp:attachment":[{"href":"https:\/\/www.clinica-sante.com\/ro\/wp-json\/wp\/v2\/media?parent=27105"}],"wp:term":[{"taxonomy":"product_brand","embeddable":true,"href":"https:\/\/www.clinica-sante.com\/ro\/wp-json\/wp\/v2\/product_brand?post=27105"},{"taxonomy":"product_cat","embeddable":true,"href":"https:\/\/www.clinica-sante.com\/ro\/wp-json\/wp\/v2\/product_cat?post=27105"},{"taxonomy":"product_tag","embeddable":true,"href":"https:\/\/www.clinica-sante.com\/ro\/wp-json\/wp\/v2\/product_tag?post=27105"}],"curies":[{"name":"wp","href":"https:\/\/api.w.org\/{rel}","templated":true}]}}