{"id":27100,"date":"2025-06-24T15:42:13","date_gmt":"2025-06-24T12:42:13","guid":{"rendered":"https:\/\/www.clinica-sante.com\/ro\/analize-fara-categorie\/virus-herpetic-1-hsv1-anticorpi-igg\/"},"modified":"2026-01-03T17:28:42","modified_gmt":"2026-01-03T15:28:42","slug":"virus-herpetic-1-hsv1-anticorpi-igg","status":"publish","type":"product","link":"https:\/\/www.clinica-sante.com\/ro\/analize-boli-infectioase\/virus-herpetic-1-hsv1-anticorpi-igg\/","title":{"rendered":"Virus herpetic 1 (HSV1): anticorpi IgG"},"content":{"rendered":"","protected":false},"excerpt":{"rendered":"<p>Testul detecteaz\u0103 anticorpi IgG specifici pentru virusul herpetic de tip 1, indic\u00e2nd o infec\u021bie veche sau imunitate dob\u00e2ndit\u0103. Este util \u00een evaluarea expunerii anterioare, mai ales la persoane cu istoric de leziuni orale sau infec\u021bii recurente.<\/p>\n","protected":false},"featured_media":0,"template":"","meta":{"_acf_changed":false,"inline_featured_image":false},"product_brand":[],"product_cat":[1209,3179,2876],"product_tag":[],"class_list":{"0":"post-27100","1":"product","2":"type-product","3":"status-publish","5":"product_cat-analize","6":"product_cat-boli-infectioase","7":"product_cat-serviciu-laborator","8":"pa_conditii-medicale-afecti-herpes-cutanat","10":"first","11":"instock","12":"sale","13":"virtual","14":"purchasable","15":"product-type-simple"},"acf":[],"aioseo_notices":[],"_links":{"self":[{"href":"https:\/\/www.clinica-sante.com\/ro\/wp-json\/wp\/v2\/product\/27100","targetHints":{"allow":["GET"]}}],"collection":[{"href":"https:\/\/www.clinica-sante.com\/ro\/wp-json\/wp\/v2\/product"}],"about":[{"href":"https:\/\/www.clinica-sante.com\/ro\/wp-json\/wp\/v2\/types\/product"}],"wp:attachment":[{"href":"https:\/\/www.clinica-sante.com\/ro\/wp-json\/wp\/v2\/media?parent=27100"}],"wp:term":[{"taxonomy":"product_brand","embeddable":true,"href":"https:\/\/www.clinica-sante.com\/ro\/wp-json\/wp\/v2\/product_brand?post=27100"},{"taxonomy":"product_cat","embeddable":true,"href":"https:\/\/www.clinica-sante.com\/ro\/wp-json\/wp\/v2\/product_cat?post=27100"},{"taxonomy":"product_tag","embeddable":true,"href":"https:\/\/www.clinica-sante.com\/ro\/wp-json\/wp\/v2\/product_tag?post=27100"}],"curies":[{"name":"wp","href":"https:\/\/api.w.org\/{rel}","templated":true}]}}