{"id":27099,"date":"2025-06-24T15:42:10","date_gmt":"2025-06-24T12:42:10","guid":{"rendered":"https:\/\/www.clinica-sante.com\/ro\/analize-fara-categorie\/fibromax\/"},"modified":"2026-01-03T17:28:39","modified_gmt":"2026-01-03T15:28:39","slug":"fibromax","status":"publish","type":"product","link":"https:\/\/www.clinica-sante.com\/ro\/analize-biochimie\/fibromax\/","title":{"rendered":"Fibromax"},"content":{"rendered":"","protected":false},"excerpt":{"rendered":"<p>FibroMax este un test non-invaziv care combin\u0103 mai mul\u021bi parametri biologici pentru a evalua gradul de fibroz\u0103, inflama\u021bie, steatoz\u0103 \u0219i afectare metabolic\u0103 hepatic\u0103. Este recomandat \u00een monitorizarea hepatitei B\/C, steatozei hepatice non-alcoolice (NAFLD) sau alcoolice. Analiza reprezint\u0103 o alternativ\u0103 la biopsia hepatic\u0103, util\u0103 \u00een stadializarea \u0219i urm\u0103rirea bolii.<\/p>\n","protected":false},"featured_media":0,"template":"","meta":{"_acf_changed":false,"inline_featured_image":false},"product_brand":[],"product_cat":[1209,3169,2876],"product_tag":[],"class_list":{"0":"post-27099","1":"product","2":"type-product","3":"status-publish","5":"product_cat-analize","6":"product_cat-biochimie","7":"product_cat-serviciu-laborator","8":"pa_conditii-medicale-afecti-boala-steatozica-hepatica","9":"pa_conditii-medicale-afecti-hepatite-virale","10":"pa_conditii-medicale-afecti-insuficienta-hepatica-ciroza-hepatica","11":"pa_parti-ale-corpului-organ-ficat-si-colecist","12":"pa_parti-ale-corpului-siste-sistem-digestiv","14":"first","15":"instock","16":"sale","17":"virtual","18":"purchasable","19":"product-type-simple"},"acf":[],"aioseo_notices":[],"_links":{"self":[{"href":"https:\/\/www.clinica-sante.com\/ro\/wp-json\/wp\/v2\/product\/27099","targetHints":{"allow":["GET"]}}],"collection":[{"href":"https:\/\/www.clinica-sante.com\/ro\/wp-json\/wp\/v2\/product"}],"about":[{"href":"https:\/\/www.clinica-sante.com\/ro\/wp-json\/wp\/v2\/types\/product"}],"wp:attachment":[{"href":"https:\/\/www.clinica-sante.com\/ro\/wp-json\/wp\/v2\/media?parent=27099"}],"wp:term":[{"taxonomy":"product_brand","embeddable":true,"href":"https:\/\/www.clinica-sante.com\/ro\/wp-json\/wp\/v2\/product_brand?post=27099"},{"taxonomy":"product_cat","embeddable":true,"href":"https:\/\/www.clinica-sante.com\/ro\/wp-json\/wp\/v2\/product_cat?post=27099"},{"taxonomy":"product_tag","embeddable":true,"href":"https:\/\/www.clinica-sante.com\/ro\/wp-json\/wp\/v2\/product_tag?post=27099"}],"curies":[{"name":"wp","href":"https:\/\/api.w.org\/{rel}","templated":true}]}}