{"id":27098,"date":"2025-06-24T15:42:07","date_gmt":"2025-06-24T12:42:07","guid":{"rendered":"https:\/\/www.clinica-sante.com\/ro\/analize-fara-categorie\/amilaza-urinara\/"},"modified":"2026-01-05T19:07:20","modified_gmt":"2026-01-05T17:07:20","slug":"amilaza-urinara","status":"publish","type":"product","link":"https:\/\/www.clinica-sante.com\/ro\/analize-biochimie\/amilaza-urinara\/","title":{"rendered":"Amilaza urinara"},"content":{"rendered":"","protected":false},"excerpt":{"rendered":"<p>Amilaza urinar\u0103 reflect\u0103 excre\u021bia renal\u0103 a amilazei, o enzim\u0103 digestiv\u0103, secretat\u0103 de pancreas. Analiza are rol \u00een diagnosticul \u0219i monitorizarea afec\u021biunilor pancreatice, \u00een special pancreatita acut\u0103.<\/p>\n","protected":false},"featured_media":0,"template":"","meta":{"_acf_changed":false,"inline_featured_image":false},"product_brand":[],"product_cat":[1209,3169,2876],"product_tag":[],"class_list":{"0":"post-27098","1":"product","2":"type-product","3":"status-publish","5":"product_cat-analize","6":"product_cat-biochimie","7":"product_cat-serviciu-laborator","8":"pa_conditii-medicale-afecti-pancreatita-afectiuni-inflamatorii","9":"pa_parti-ale-corpului-organ-pancreas","10":"pa_parti-ale-corpului-siste-sistem-digestiv","12":"first","13":"instock","14":"sale","15":"virtual","16":"purchasable","17":"product-type-simple"},"acf":[],"aioseo_notices":[],"_links":{"self":[{"href":"https:\/\/www.clinica-sante.com\/ro\/wp-json\/wp\/v2\/product\/27098","targetHints":{"allow":["GET"]}}],"collection":[{"href":"https:\/\/www.clinica-sante.com\/ro\/wp-json\/wp\/v2\/product"}],"about":[{"href":"https:\/\/www.clinica-sante.com\/ro\/wp-json\/wp\/v2\/types\/product"}],"wp:attachment":[{"href":"https:\/\/www.clinica-sante.com\/ro\/wp-json\/wp\/v2\/media?parent=27098"}],"wp:term":[{"taxonomy":"product_brand","embeddable":true,"href":"https:\/\/www.clinica-sante.com\/ro\/wp-json\/wp\/v2\/product_brand?post=27098"},{"taxonomy":"product_cat","embeddable":true,"href":"https:\/\/www.clinica-sante.com\/ro\/wp-json\/wp\/v2\/product_cat?post=27098"},{"taxonomy":"product_tag","embeddable":true,"href":"https:\/\/www.clinica-sante.com\/ro\/wp-json\/wp\/v2\/product_tag?post=27098"}],"curies":[{"name":"wp","href":"https:\/\/api.w.org\/{rel}","templated":true}]}}