{"id":27092,"date":"2025-06-24T15:41:48","date_gmt":"2025-06-24T12:41:48","guid":{"rendered":"https:\/\/www.clinica-sante.com\/ro\/analize-fara-categorie\/complement-c1q\/"},"modified":"2026-01-03T17:28:22","modified_gmt":"2026-01-03T15:28:22","slug":"complement-c1q","status":"publish","type":"product","link":"https:\/\/www.clinica-sante.com\/ro\/analize-biochimie\/complement-c1q\/","title":{"rendered":"Complement C1q"},"content":{"rendered":"","protected":false},"excerpt":{"rendered":"<p>C1q este o protein\u0103 a sistemului complement, implicat\u0103 \u00een activarea r\u0103spunsului imun. Testul este util \u00een diagnosticarea bolilor autoimune precum lupusul eritematos sistemic, mai ales \u00een formele cu nefrit\u0103 lupic\u0103 sau \u00een vasculite.<\/p>\n","protected":false},"featured_media":0,"template":"","meta":{"_acf_changed":false,"inline_featured_image":false},"product_brand":[],"product_cat":[1209,3169,2876],"product_tag":[],"class_list":{"0":"post-27092","1":"product","2":"type-product","3":"status-publish","5":"product_cat-analize","6":"product_cat-biochimie","7":"product_cat-serviciu-laborator","9":"first","10":"instock","11":"sale","12":"virtual","13":"purchasable","14":"product-type-simple"},"acf":[],"_links":{"self":[{"href":"https:\/\/www.clinica-sante.com\/ro\/wp-json\/wp\/v2\/product\/27092","targetHints":{"allow":["GET"]}}],"collection":[{"href":"https:\/\/www.clinica-sante.com\/ro\/wp-json\/wp\/v2\/product"}],"about":[{"href":"https:\/\/www.clinica-sante.com\/ro\/wp-json\/wp\/v2\/types\/product"}],"wp:attachment":[{"href":"https:\/\/www.clinica-sante.com\/ro\/wp-json\/wp\/v2\/media?parent=27092"}],"wp:term":[{"taxonomy":"product_brand","embeddable":true,"href":"https:\/\/www.clinica-sante.com\/ro\/wp-json\/wp\/v2\/product_brand?post=27092"},{"taxonomy":"product_cat","embeddable":true,"href":"https:\/\/www.clinica-sante.com\/ro\/wp-json\/wp\/v2\/product_cat?post=27092"},{"taxonomy":"product_tag","embeddable":true,"href":"https:\/\/www.clinica-sante.com\/ro\/wp-json\/wp\/v2\/product_tag?post=27092"}],"curies":[{"name":"wp","href":"https:\/\/api.w.org\/{rel}","templated":true}]}}