{"id":27088,"date":"2025-06-24T15:41:35","date_gmt":"2025-06-24T12:41:35","guid":{"rendered":"https:\/\/www.clinica-sante.com\/ro\/analize-fara-categorie\/anticorpi-anti-aquaporina-4-nmo\/"},"modified":"2026-01-03T17:28:14","modified_gmt":"2026-01-03T15:28:14","slug":"anticorpi-anti-aquaporina-4-nmo","status":"publish","type":"product","link":"https:\/\/www.clinica-sante.com\/ro\/analize-boli-autoimune\/anticorpi-anti-aquaporina-4-nmo\/","title":{"rendered":"Anticorpi anti-aquaporina 4 (NMO)"},"content":{"rendered":"","protected":false},"excerpt":{"rendered":"<p>Analiza detecteaz\u0103 autoanticorpi \u00eendrepta\u021bi \u00eempotriva aquaporinei 4, prezen\u021bi \u00een neuromielita optic\u0103 (NMO), o boal\u0103 autoimun\u0103 rar\u0103 care afecteaz\u0103 nervii optici \u0219i m\u0103duva spin\u0103rii. Testul este indicat \u00een cazuri de nevrit\u0103 optic\u0103 recurent\u0103 sau mielit\u0103 longitudinal extins\u0103 \u0219i este important pentru diferen\u021bierea fa\u021b\u0103 de scleroza multipl\u0103.<\/p>\n","protected":false},"featured_media":0,"template":"","meta":{"_acf_changed":false,"inline_featured_image":false},"product_brand":[],"product_cat":[1209,3181,2876],"product_tag":[],"class_list":{"0":"post-27088","1":"product","2":"type-product","3":"status-publish","5":"product_cat-analize","6":"product_cat-boli-autoimune","7":"product_cat-serviciu-laborator","8":"pa_conditii-medicale-afecti-scleroza-multipla","10":"first","11":"instock","12":"sale","13":"virtual","14":"purchasable","15":"product-type-simple"},"acf":[],"aioseo_notices":[],"_links":{"self":[{"href":"https:\/\/www.clinica-sante.com\/ro\/wp-json\/wp\/v2\/product\/27088","targetHints":{"allow":["GET"]}}],"collection":[{"href":"https:\/\/www.clinica-sante.com\/ro\/wp-json\/wp\/v2\/product"}],"about":[{"href":"https:\/\/www.clinica-sante.com\/ro\/wp-json\/wp\/v2\/types\/product"}],"wp:attachment":[{"href":"https:\/\/www.clinica-sante.com\/ro\/wp-json\/wp\/v2\/media?parent=27088"}],"wp:term":[{"taxonomy":"product_brand","embeddable":true,"href":"https:\/\/www.clinica-sante.com\/ro\/wp-json\/wp\/v2\/product_brand?post=27088"},{"taxonomy":"product_cat","embeddable":true,"href":"https:\/\/www.clinica-sante.com\/ro\/wp-json\/wp\/v2\/product_cat?post=27088"},{"taxonomy":"product_tag","embeddable":true,"href":"https:\/\/www.clinica-sante.com\/ro\/wp-json\/wp\/v2\/product_tag?post=27088"}],"curies":[{"name":"wp","href":"https:\/\/api.w.org\/{rel}","templated":true}]}}