{"id":27080,"date":"2025-06-24T15:41:08","date_gmt":"2025-06-24T12:41:08","guid":{"rendered":"https:\/\/www.clinica-sante.com\/ro\/analize-fara-categorie\/anticorpi-anti-beta-2-glicoproteina-i-igg\/"},"modified":"2026-01-05T19:07:05","modified_gmt":"2026-01-05T17:07:05","slug":"anticorpi-anti-beta-2-glicoproteina-i-igg","status":"publish","type":"product","link":"https:\/\/www.clinica-sante.com\/ro\/analize-boli-autoimune\/anticorpi-anti-beta-2-glicoproteina-i-igg\/","title":{"rendered":"Anticorpi anti-beta-2-glicoproteina I IgG"},"content":{"rendered":"","protected":false},"excerpt":{"rendered":"<p>Beta-2-glicoproteina I este o protein\u0103 seric\u0103 cu rol \u00een procesul de coagulare \u0219i reglarea r\u0103spunsului imun. Anticorpii IgG anti-beta-2-glicoproteina I sunt markeri specifici ai sindromului antifosfolipidic. Prezen\u021ba lor, asociat\u0103 cu un istoric de episoade trombotice sau pierderi recurente de sarcin\u0103, orienteaz\u0103 diagnosticul.<\/p>\n","protected":false},"featured_media":0,"template":"","meta":{"_acf_changed":false,"inline_featured_image":false},"product_brand":[],"product_cat":[1209,3181,2876],"product_tag":[],"class_list":{"0":"post-27080","1":"product","2":"type-product","3":"status-publish","5":"product_cat-analize","6":"product_cat-boli-autoimune","7":"product_cat-serviciu-laborator","9":"first","10":"instock","11":"sale","12":"virtual","13":"purchasable","14":"product-type-simple"},"acf":[],"aioseo_notices":[],"_links":{"self":[{"href":"https:\/\/www.clinica-sante.com\/ro\/wp-json\/wp\/v2\/product\/27080","targetHints":{"allow":["GET"]}}],"collection":[{"href":"https:\/\/www.clinica-sante.com\/ro\/wp-json\/wp\/v2\/product"}],"about":[{"href":"https:\/\/www.clinica-sante.com\/ro\/wp-json\/wp\/v2\/types\/product"}],"wp:attachment":[{"href":"https:\/\/www.clinica-sante.com\/ro\/wp-json\/wp\/v2\/media?parent=27080"}],"wp:term":[{"taxonomy":"product_brand","embeddable":true,"href":"https:\/\/www.clinica-sante.com\/ro\/wp-json\/wp\/v2\/product_brand?post=27080"},{"taxonomy":"product_cat","embeddable":true,"href":"https:\/\/www.clinica-sante.com\/ro\/wp-json\/wp\/v2\/product_cat?post=27080"},{"taxonomy":"product_tag","embeddable":true,"href":"https:\/\/www.clinica-sante.com\/ro\/wp-json\/wp\/v2\/product_tag?post=27080"}],"curies":[{"name":"wp","href":"https:\/\/api.w.org\/{rel}","templated":true}]}}