{"id":27076,"date":"2025-06-24T15:40:54","date_gmt":"2025-06-24T12:40:54","guid":{"rendered":"https:\/\/www.clinica-sante.com\/ro\/analize-fara-categorie\/osmolaritate-serica\/"},"modified":"2026-01-03T17:27:31","modified_gmt":"2026-01-03T15:27:31","slug":"osmolaritate-serica","status":"publish","type":"product","link":"https:\/\/www.clinica-sante.com\/ro\/analize-biochimie\/osmolaritate-serica\/","title":{"rendered":"Osmolaritate serica"},"content":{"rendered":"","protected":false},"excerpt":{"rendered":"<p>Osmolaritatea seric\u0103 exprim\u0103 concentra\u021bia total\u0103 de solute din s\u00e2nge, reflect\u00e2nd echilibrul hidric \u0219i electrolitic. Este util\u0103 \u00een diagnosticul deshidrat\u0103rii, intoxica\u021biilor, diabetului insipid, hiponatremiei sau insuficien\u021bei renale acute.<\/p>\n","protected":false},"featured_media":0,"template":"","meta":{"_acf_changed":false,"inline_featured_image":false},"product_brand":[],"product_cat":[1209,3169,2876],"product_tag":[],"class_list":{"0":"post-27076","1":"product","2":"type-product","3":"status-publish","5":"product_cat-analize","6":"product_cat-biochimie","7":"product_cat-serviciu-laborator","8":"pa_conditii-medicale-afecti-tumori-hipofizare","10":"first","11":"instock","12":"sale","13":"virtual","14":"purchasable","15":"product-type-simple"},"acf":[],"aioseo_notices":[],"_links":{"self":[{"href":"https:\/\/www.clinica-sante.com\/ro\/wp-json\/wp\/v2\/product\/27076","targetHints":{"allow":["GET"]}}],"collection":[{"href":"https:\/\/www.clinica-sante.com\/ro\/wp-json\/wp\/v2\/product"}],"about":[{"href":"https:\/\/www.clinica-sante.com\/ro\/wp-json\/wp\/v2\/types\/product"}],"wp:attachment":[{"href":"https:\/\/www.clinica-sante.com\/ro\/wp-json\/wp\/v2\/media?parent=27076"}],"wp:term":[{"taxonomy":"product_brand","embeddable":true,"href":"https:\/\/www.clinica-sante.com\/ro\/wp-json\/wp\/v2\/product_brand?post=27076"},{"taxonomy":"product_cat","embeddable":true,"href":"https:\/\/www.clinica-sante.com\/ro\/wp-json\/wp\/v2\/product_cat?post=27076"},{"taxonomy":"product_tag","embeddable":true,"href":"https:\/\/www.clinica-sante.com\/ro\/wp-json\/wp\/v2\/product_tag?post=27076"}],"curies":[{"name":"wp","href":"https:\/\/api.w.org\/{rel}","templated":true}]}}