{"id":27068,"date":"2025-06-24T14:40:26","date_gmt":"2025-06-24T12:40:26","guid":{"rendered":"https:\/\/www.clinica-sante.com\/ro\/analize-fara-categorie\/anticorpi-anti-canale-de-calciu-dependente-de-voltaj-vgcc\/"},"modified":"2026-01-03T17:27:05","modified_gmt":"2026-01-03T15:27:05","slug":"anticorpi-anti-canale-de-calciu-dependente-de-voltaj-vgcc","status":"publish","type":"product","link":"https:\/\/www.clinica-sante.com\/ro\/analize-boli-autoimune\/anticorpi-anti-canale-de-calciu-dependente-de-voltaj-vgcc\/","title":{"rendered":"Anticorpi anti canale de calciu dependente de voltaj (VGCC)"},"content":{"rendered":"","protected":false},"excerpt":{"rendered":"<p>Ace\u0219ti autoanticorpi sunt implica\u021bi \u00een sindroame neurologice autoimune precum sindromul miastenic Lambert-Eaton. Testul este indicat \u00een tulbur\u0103ri neuromusculare, sl\u0103biciune progresiv\u0103 sau \u00een suspiciuni de paraneoplazie.<\/p>\n","protected":false},"featured_media":0,"template":"","meta":{"_acf_changed":false,"inline_featured_image":false},"product_brand":[],"product_cat":[1209,3181,2876],"product_tag":[],"class_list":{"0":"post-27068","1":"product","2":"type-product","3":"status-publish","5":"product_cat-analize","6":"product_cat-boli-autoimune","7":"product_cat-serviciu-laborator","8":"pa_conditii-medicale-afecti-encefalopatii","10":"first","11":"instock","12":"sale","13":"virtual","14":"purchasable","15":"product-type-simple"},"acf":[],"aioseo_notices":[],"_links":{"self":[{"href":"https:\/\/www.clinica-sante.com\/ro\/wp-json\/wp\/v2\/product\/27068","targetHints":{"allow":["GET"]}}],"collection":[{"href":"https:\/\/www.clinica-sante.com\/ro\/wp-json\/wp\/v2\/product"}],"about":[{"href":"https:\/\/www.clinica-sante.com\/ro\/wp-json\/wp\/v2\/types\/product"}],"wp:attachment":[{"href":"https:\/\/www.clinica-sante.com\/ro\/wp-json\/wp\/v2\/media?parent=27068"}],"wp:term":[{"taxonomy":"product_brand","embeddable":true,"href":"https:\/\/www.clinica-sante.com\/ro\/wp-json\/wp\/v2\/product_brand?post=27068"},{"taxonomy":"product_cat","embeddable":true,"href":"https:\/\/www.clinica-sante.com\/ro\/wp-json\/wp\/v2\/product_cat?post=27068"},{"taxonomy":"product_tag","embeddable":true,"href":"https:\/\/www.clinica-sante.com\/ro\/wp-json\/wp\/v2\/product_tag?post=27068"}],"curies":[{"name":"wp","href":"https:\/\/api.w.org\/{rel}","templated":true}]}}