{"id":27008,"date":"2025-06-24T15:36:52","date_gmt":"2025-06-24T12:36:52","guid":{"rendered":"https:\/\/www.clinica-sante.com\/ro\/analize-fara-categorie\/ctlf-capacitatea-totala-de-legare-a-fierului\/"},"modified":"2026-01-05T19:05:54","modified_gmt":"2026-01-05T17:05:54","slug":"ctlf-capacitatea-totala-de-legare-a-fierului","status":"publish","type":"product","link":"https:\/\/www.clinica-sante.com\/ro\/analize-biochimie\/ctlf-capacitatea-totala-de-legare-a-fierului\/","title":{"rendered":"CTLF &#8211; capacitatea totala de legare a fierului"},"content":{"rendered":"","protected":false},"excerpt":{"rendered":"<p>CTLF este e o metod\u0103 indirect\u0103 de evaluare a transferinei (principala protein\u0103 de transport a fierului \u00een s\u00e2nge) \u0219i m\u0103soar\u0103 capacitatea acesteia de a lega fierul. Analiza este util\u0103 \u00een evaluarea metabolismului fierului, diagnosticul diferen\u021bial al anemiilor \u0219i al supra\u00eenc\u0103rc\u0103rii cu fier.<\/p>\n","protected":false},"featured_media":0,"template":"","meta":{"_acf_changed":false,"inline_featured_image":false},"product_brand":[],"product_cat":[1209,3169,2876],"product_tag":[],"class_list":{"0":"post-27008","1":"product","2":"type-product","3":"status-publish","5":"product_cat-analize","6":"product_cat-biochimie","7":"product_cat-serviciu-laborator","8":"pa_conditii-medicale-afecti-anemii-feripriva-megaloblastica","9":"pa_conditii-medicale-afecti-gastrite-infectioase-autoimuna-ulcer","10":"pa_conditii-medicale-afecti-hemocromatoza","11":"pa_parti-ale-corpului-organ-ficat-si-colecist","12":"pa_parti-ale-corpului-siste-sistem-digestiv","14":"first","15":"instock","16":"sale","17":"virtual","18":"purchasable","19":"product-type-simple"},"acf":[],"aioseo_notices":[],"_links":{"self":[{"href":"https:\/\/www.clinica-sante.com\/ro\/wp-json\/wp\/v2\/product\/27008","targetHints":{"allow":["GET"]}}],"collection":[{"href":"https:\/\/www.clinica-sante.com\/ro\/wp-json\/wp\/v2\/product"}],"about":[{"href":"https:\/\/www.clinica-sante.com\/ro\/wp-json\/wp\/v2\/types\/product"}],"wp:attachment":[{"href":"https:\/\/www.clinica-sante.com\/ro\/wp-json\/wp\/v2\/media?parent=27008"}],"wp:term":[{"taxonomy":"product_brand","embeddable":true,"href":"https:\/\/www.clinica-sante.com\/ro\/wp-json\/wp\/v2\/product_brand?post=27008"},{"taxonomy":"product_cat","embeddable":true,"href":"https:\/\/www.clinica-sante.com\/ro\/wp-json\/wp\/v2\/product_cat?post=27008"},{"taxonomy":"product_tag","embeddable":true,"href":"https:\/\/www.clinica-sante.com\/ro\/wp-json\/wp\/v2\/product_tag?post=27008"}],"curies":[{"name":"wp","href":"https:\/\/api.w.org\/{rel}","templated":true}]}}