{"id":27003,"date":"2025-06-24T15:36:34","date_gmt":"2025-06-24T12:36:34","guid":{"rendered":"https:\/\/www.clinica-sante.com\/ro\/analize-fara-categorie\/ca-19-9\/"},"modified":"2026-03-31T23:34:55","modified_gmt":"2026-03-31T20:34:55","slug":"ca-19-9","status":"publish","type":"product","link":"https:\/\/www.clinica-sante.com\/ro\/analize-markeri-tumorali\/ca-19-9\/","title":{"rendered":"CA 19-9"},"content":{"rendered":"","protected":false},"excerpt":{"rendered":"<p>CA 19-9 este un marker tumoral utilizat \u00een principal pentru monitorizarea cancerului pancreatic, dar \u0219i a altor tipuri de cancer, \u00een special digestive (colorectal, gastric, hepatobiliar). Se recomand\u0103 pentru urm\u0103rirea evolu\u021biei cancerului, detectarea recidivelor \u0219i evaluarea r\u0103spunsului la tratament.<\/p>\n","protected":false},"featured_media":0,"template":"","meta":{"_acf_changed":false,"inline_featured_image":false},"product_brand":[],"product_cat":[1209,3192,2876],"product_tag":[],"class_list":{"0":"post-27003","1":"product","2":"type-product","3":"status-publish","5":"product_cat-analize","6":"product_cat-markeri-tumorali","7":"product_cat-serviciu-laborator","8":"pa_conditii-medicale-afecti-cancer-colorectal","9":"pa_conditii-medicale-afecti-tumori-gastrice","10":"pa_conditii-medicale-afecti-tumori-hepatice","11":"pa_conditii-medicale-afecti-tumori-ovariene","12":"pa_conditii-medicale-afecti-tumori-pancreatice","13":"pa_parti-ale-corpului-organ-ficat-si-colecist","14":"pa_parti-ale-corpului-organ-pancreas","15":"pa_parti-ale-corpului-siste-sistem-digestiv","17":"first","18":"instock","19":"sale","20":"virtual","21":"purchasable","22":"product-type-simple"},"acf":[],"aioseo_notices":[],"_links":{"self":[{"href":"https:\/\/www.clinica-sante.com\/ro\/wp-json\/wp\/v2\/product\/27003","targetHints":{"allow":["GET"]}}],"collection":[{"href":"https:\/\/www.clinica-sante.com\/ro\/wp-json\/wp\/v2\/product"}],"about":[{"href":"https:\/\/www.clinica-sante.com\/ro\/wp-json\/wp\/v2\/types\/product"}],"wp:attachment":[{"href":"https:\/\/www.clinica-sante.com\/ro\/wp-json\/wp\/v2\/media?parent=27003"}],"wp:term":[{"taxonomy":"product_brand","embeddable":true,"href":"https:\/\/www.clinica-sante.com\/ro\/wp-json\/wp\/v2\/product_brand?post=27003"},{"taxonomy":"product_cat","embeddable":true,"href":"https:\/\/www.clinica-sante.com\/ro\/wp-json\/wp\/v2\/product_cat?post=27003"},{"taxonomy":"product_tag","embeddable":true,"href":"https:\/\/www.clinica-sante.com\/ro\/wp-json\/wp\/v2\/product_tag?post=27003"}],"curies":[{"name":"wp","href":"https:\/\/api.w.org\/{rel}","templated":true}]}}