{"id":26992,"date":"2025-06-24T15:35:54","date_gmt":"2025-06-24T12:35:54","guid":{"rendered":"https:\/\/www.clinica-sante.com\/ro\/analize-fara-categorie\/sodiu-seric\/"},"modified":"2026-01-05T19:05:30","modified_gmt":"2026-01-05T17:05:30","slug":"sodiu-seric","status":"publish","type":"product","link":"https:\/\/www.clinica-sante.com\/ro\/analize-biochimie\/sodiu-seric\/","title":{"rendered":"Sodiu seric"},"content":{"rendered":"","protected":false},"excerpt":{"rendered":"<p>Sodiul seric este analiza care m\u0103soar\u0103 sodiul din s\u00e2nge, un electrolit esen\u021bial \u00een men\u021binerea echilibrului hidric, a tensiunii arteriale \u0219i activitatea neuromuscular\u0103 normal\u0103. Analiza ofer\u0103 informa\u021bii importante legate de starea de hidratare \u0219i este util\u0103 \u00een detectarea unor dezechilibre hidroelectrolictice (hipo- sau hipernatremie) \u0219i a unor afec\u021biuni renale sau endocrine.<\/p>\n","protected":false},"featured_media":0,"template":"","meta":{"_acf_changed":false,"inline_featured_image":false},"product_brand":[],"product_cat":[1209,3169,2876],"product_tag":[],"class_list":{"0":"post-26992","1":"product","2":"type-product","3":"status-publish","5":"product_cat-analize","6":"product_cat-biochimie","7":"product_cat-serviciu-laborator","8":"pa_conditii-medicale-afecti-aritmii-cardiace","9":"pa_conditii-medicale-afecti-boala-coronariana-cardiopatie-ischemica-angina-infarct","10":"pa_conditii-medicale-afecti-epilepsie","11":"pa_conditii-medicale-afecti-hipertensiune-arteriala-esentiala","12":"pa_conditii-medicale-afecti-hipertensiune-arteriala-secundara","13":"pa_conditii-medicale-afecti-miopatii-endocrine","14":"pa_conditii-medicale-afecti-testarea-functiei-renale-boala-cronica-de-rinichi-2","15":"pa_conditii-medicale-afecti-tumori-hipofizare","17":"first","18":"instock","19":"sale","20":"virtual","21":"purchasable","22":"product-type-simple"},"acf":[],"aioseo_notices":[],"_links":{"self":[{"href":"https:\/\/www.clinica-sante.com\/ro\/wp-json\/wp\/v2\/product\/26992","targetHints":{"allow":["GET"]}}],"collection":[{"href":"https:\/\/www.clinica-sante.com\/ro\/wp-json\/wp\/v2\/product"}],"about":[{"href":"https:\/\/www.clinica-sante.com\/ro\/wp-json\/wp\/v2\/types\/product"}],"wp:attachment":[{"href":"https:\/\/www.clinica-sante.com\/ro\/wp-json\/wp\/v2\/media?parent=26992"}],"wp:term":[{"taxonomy":"product_brand","embeddable":true,"href":"https:\/\/www.clinica-sante.com\/ro\/wp-json\/wp\/v2\/product_brand?post=26992"},{"taxonomy":"product_cat","embeddable":true,"href":"https:\/\/www.clinica-sante.com\/ro\/wp-json\/wp\/v2\/product_cat?post=26992"},{"taxonomy":"product_tag","embeddable":true,"href":"https:\/\/www.clinica-sante.com\/ro\/wp-json\/wp\/v2\/product_tag?post=26992"}],"curies":[{"name":"wp","href":"https:\/\/api.w.org\/{rel}","templated":true}]}}