{"id":26970,"date":"2025-06-24T15:34:35","date_gmt":"2025-06-24T12:34:35","guid":{"rendered":"https:\/\/www.clinica-sante.com\/ro\/analize-fara-categorie\/beta-hcg-gonatrophina-corionica\/"},"modified":"2026-01-05T19:04:59","modified_gmt":"2026-01-05T17:04:59","slug":"beta-hcg-gonatrophina-corionica","status":"publish","type":"product","link":"https:\/\/www.clinica-sante.com\/ro\/analize-imunologie\/beta-hcg-gonatrophina-corionica\/","title":{"rendered":"Beta hCG (Gonatrophina corionica)"},"content":{"rendered":"","protected":false},"excerpt":{"rendered":"<p>Beta hCG este un hormon produs \u00een principal de placent\u0103 \u00een timpul sarcinii. Analiza este esen\u021bial\u0103 pentru confirmarea \u0219i monitorizarea evolu\u021biei unei sarcini. De asemenea, are rol de marker tumoral, fiind utilizat \u00een diagnosticul \u0219i urm\u0103rirea anumitor tipuri de tumori (cu celule germinale, trofoblastice).<\/p>\n","protected":false},"featured_media":0,"template":"","meta":{"_acf_changed":false,"inline_featured_image":false},"product_brand":[],"product_cat":[1209,3180,2876],"product_tag":[],"class_list":{"0":"post-26970","1":"product","2":"type-product","3":"status-publish","5":"product_cat-analize","6":"product_cat-imunologie","7":"product_cat-serviciu-laborator","8":"pa_conditii-medicale-afecti-tulburari-de-ciclu-menstrual-amenoree-sopc","9":"pa_conditii-medicale-afecti-tumori-cerebrale","10":"pa_conditii-medicale-afecti-tumori-testiculare","12":"first","13":"instock","14":"sale","15":"virtual","16":"purchasable","17":"product-type-simple"},"acf":[],"aioseo_notices":[],"_links":{"self":[{"href":"https:\/\/www.clinica-sante.com\/ro\/wp-json\/wp\/v2\/product\/26970","targetHints":{"allow":["GET"]}}],"collection":[{"href":"https:\/\/www.clinica-sante.com\/ro\/wp-json\/wp\/v2\/product"}],"about":[{"href":"https:\/\/www.clinica-sante.com\/ro\/wp-json\/wp\/v2\/types\/product"}],"wp:attachment":[{"href":"https:\/\/www.clinica-sante.com\/ro\/wp-json\/wp\/v2\/media?parent=26970"}],"wp:term":[{"taxonomy":"product_brand","embeddable":true,"href":"https:\/\/www.clinica-sante.com\/ro\/wp-json\/wp\/v2\/product_brand?post=26970"},{"taxonomy":"product_cat","embeddable":true,"href":"https:\/\/www.clinica-sante.com\/ro\/wp-json\/wp\/v2\/product_cat?post=26970"},{"taxonomy":"product_tag","embeddable":true,"href":"https:\/\/www.clinica-sante.com\/ro\/wp-json\/wp\/v2\/product_tag?post=26970"}],"curies":[{"name":"wp","href":"https:\/\/api.w.org\/{rel}","templated":true}]}}