{"id":26969,"date":"2025-06-24T15:34:31","date_gmt":"2025-06-24T12:34:31","guid":{"rendered":"https:\/\/www.clinica-sante.com\/ro\/analize-fara-categorie\/echinococcus-granulosus-anticorpi-igg\/"},"modified":"2026-01-05T19:04:51","modified_gmt":"2026-01-05T17:04:51","slug":"echinococcus-granulosus-anticorpi-igg","status":"publish","type":"product","link":"https:\/\/www.clinica-sante.com\/ro\/analize-boli-infectioase\/echinococcus-granulosus-anticorpi-igg\/","title":{"rendered":"Echinococcus granulosus: Anticorpi IgG"},"content":{"rendered":"","protected":false},"excerpt":{"rendered":"<p>Testul detecteaz\u0103 infec\u021bia cu Echinococcus granulosus, un parazit care determin\u0103 formarea de chisturi hidatice la nivelul ficatului, pl\u0103m\u00e2nilor sau altor organe. Anticorpii IgG anti-Echinococcus granulosus sunt un instrument esen\u021bial pentru evaluarea evolu\u021biei acestei infec\u021bii \u0219i monitorizarea eficien\u021bei tratamentului specific<\/p>\n","protected":false},"featured_media":0,"template":"","meta":{"_acf_changed":false,"inline_featured_image":false},"product_brand":[],"product_cat":[1209,3179,2876],"product_tag":[],"class_list":{"0":"post-26969","1":"product","2":"type-product","3":"status-publish","5":"product_cat-analize","6":"product_cat-boli-infectioase","7":"product_cat-serviciu-laborator","8":"pa_conditii-medicale-afecti-chist-hidatic","9":"pa_parti-ale-corpului-organ-ficat-si-colecist","10":"pa_parti-ale-corpului-siste-sistem-digestiv","12":"first","13":"instock","14":"sale","15":"virtual","16":"purchasable","17":"product-type-simple"},"acf":[],"aioseo_notices":[],"_links":{"self":[{"href":"https:\/\/www.clinica-sante.com\/ro\/wp-json\/wp\/v2\/product\/26969","targetHints":{"allow":["GET"]}}],"collection":[{"href":"https:\/\/www.clinica-sante.com\/ro\/wp-json\/wp\/v2\/product"}],"about":[{"href":"https:\/\/www.clinica-sante.com\/ro\/wp-json\/wp\/v2\/types\/product"}],"wp:attachment":[{"href":"https:\/\/www.clinica-sante.com\/ro\/wp-json\/wp\/v2\/media?parent=26969"}],"wp:term":[{"taxonomy":"product_brand","embeddable":true,"href":"https:\/\/www.clinica-sante.com\/ro\/wp-json\/wp\/v2\/product_brand?post=26969"},{"taxonomy":"product_cat","embeddable":true,"href":"https:\/\/www.clinica-sante.com\/ro\/wp-json\/wp\/v2\/product_cat?post=26969"},{"taxonomy":"product_tag","embeddable":true,"href":"https:\/\/www.clinica-sante.com\/ro\/wp-json\/wp\/v2\/product_tag?post=26969"}],"curies":[{"name":"wp","href":"https:\/\/api.w.org\/{rel}","templated":true}]}}