{"id":26958,"date":"2025-06-24T15:33:49","date_gmt":"2025-06-24T12:33:49","guid":{"rendered":"https:\/\/www.clinica-sante.com\/ro\/analize-fara-categorie\/cultura-secretie-otica-stanga-identificare-bacteriana\/"},"modified":"2026-01-03T17:21:46","modified_gmt":"2026-01-03T15:21:46","slug":"cultura-secretie-otica-stanga-identificare-bacteriana","status":"publish","type":"product","link":"https:\/\/www.clinica-sante.com\/ro\/analize-microbiologie\/cultura-secretie-otica-stanga-identificare-bacteriana\/","title":{"rendered":"Cultura secretie otica stanga &#8211; identificare bacteriana"},"content":{"rendered":"","protected":false},"excerpt":{"rendered":"<p>Analiza izoleaz\u0103 bacterii din secre\u021bia urechii st\u00eengi, indicat\u0103 \u00een otite externe sau medii, secre\u021bii purulente, durere sau sc\u0103derea auzului (hipoacuzie).<\/p>\n","protected":false},"featured_media":0,"template":"","meta":{"_acf_changed":false,"inline_featured_image":false},"product_brand":[],"product_cat":[1209,3152,2876],"product_tag":[],"class_list":{"0":"post-26958","1":"product","2":"type-product","3":"status-publish","5":"product_cat-analize","6":"product_cat-microbiologie","7":"product_cat-serviciu-laborator","8":"pa_conditii-medicale-afecti-otita","10":"first","11":"instock","12":"virtual","13":"product-type-simple"},"acf":[],"aioseo_notices":[],"_links":{"self":[{"href":"https:\/\/www.clinica-sante.com\/ro\/wp-json\/wp\/v2\/product\/26958","targetHints":{"allow":["GET"]}}],"collection":[{"href":"https:\/\/www.clinica-sante.com\/ro\/wp-json\/wp\/v2\/product"}],"about":[{"href":"https:\/\/www.clinica-sante.com\/ro\/wp-json\/wp\/v2\/types\/product"}],"wp:attachment":[{"href":"https:\/\/www.clinica-sante.com\/ro\/wp-json\/wp\/v2\/media?parent=26958"}],"wp:term":[{"taxonomy":"product_brand","embeddable":true,"href":"https:\/\/www.clinica-sante.com\/ro\/wp-json\/wp\/v2\/product_brand?post=26958"},{"taxonomy":"product_cat","embeddable":true,"href":"https:\/\/www.clinica-sante.com\/ro\/wp-json\/wp\/v2\/product_cat?post=26958"},{"taxonomy":"product_tag","embeddable":true,"href":"https:\/\/www.clinica-sante.com\/ro\/wp-json\/wp\/v2\/product_tag?post=26958"}],"curies":[{"name":"wp","href":"https:\/\/api.w.org\/{rel}","templated":true}]}}