{"id":26940,"date":"2025-06-24T15:32:44","date_gmt":"2025-06-24T12:32:44","guid":{"rendered":"https:\/\/www.clinica-sante.com\/ro\/analize-fara-categorie\/chlamydia-trachomatis-anticorpi-igg\/"},"modified":"2026-01-05T19:04:30","modified_gmt":"2026-01-05T17:04:30","slug":"chlamydia-trachomatis-anticorpi-igg","status":"publish","type":"product","link":"https:\/\/www.clinica-sante.com\/ro\/analize-boli-infectioase\/chlamydia-trachomatis-anticorpi-igg\/","title":{"rendered":"Chlamydia trachomatis: Anticorpi IgG"},"content":{"rendered":"","protected":false},"excerpt":{"rendered":"<p>Prezen\u021ba anticorpilor IgG anti-Chlamydia trachomatis indic\u0103 expunerea anterioar\u0103 la bacterie, dar nu confirm\u0103 o infec\u021bie activ\u0103. Analiza este util\u0103 \u00een evaluarea infertilit\u0103\u021bii, a patologiilor pelvine cronice \u0219i \u00een screeningul bolilor cu transmitere sexual\u0103.<\/p>\n","protected":false},"featured_media":0,"template":"","meta":{"_acf_changed":false,"inline_featured_image":false},"product_brand":[],"product_cat":[1209,3179,2876],"product_tag":[],"class_list":{"0":"post-26940","1":"product","2":"type-product","3":"status-publish","5":"product_cat-analize","6":"product_cat-boli-infectioase","7":"product_cat-serviciu-laborator","9":"first","10":"instock","11":"sale","12":"virtual","13":"purchasable","14":"product-type-simple"},"acf":[],"aioseo_notices":[],"_links":{"self":[{"href":"https:\/\/www.clinica-sante.com\/ro\/wp-json\/wp\/v2\/product\/26940","targetHints":{"allow":["GET"]}}],"collection":[{"href":"https:\/\/www.clinica-sante.com\/ro\/wp-json\/wp\/v2\/product"}],"about":[{"href":"https:\/\/www.clinica-sante.com\/ro\/wp-json\/wp\/v2\/types\/product"}],"wp:attachment":[{"href":"https:\/\/www.clinica-sante.com\/ro\/wp-json\/wp\/v2\/media?parent=26940"}],"wp:term":[{"taxonomy":"product_brand","embeddable":true,"href":"https:\/\/www.clinica-sante.com\/ro\/wp-json\/wp\/v2\/product_brand?post=26940"},{"taxonomy":"product_cat","embeddable":true,"href":"https:\/\/www.clinica-sante.com\/ro\/wp-json\/wp\/v2\/product_cat?post=26940"},{"taxonomy":"product_tag","embeddable":true,"href":"https:\/\/www.clinica-sante.com\/ro\/wp-json\/wp\/v2\/product_tag?post=26940"}],"curies":[{"name":"wp","href":"https:\/\/api.w.org\/{rel}","templated":true}]}}