{"id":26939,"date":"2025-06-24T15:32:41","date_gmt":"2025-06-24T12:32:41","guid":{"rendered":"https:\/\/www.clinica-sante.com\/ro\/analize-fara-categorie\/deficit-de-alfa-1-antitripsina-gena-serpina1-genotiparea-variantelor-s-si-z\/"},"modified":"2026-02-27T17:55:18","modified_gmt":"2026-02-27T15:55:18","slug":"deficit-de-alfa-1-antitripsina-gena-serpina1-genotiparea-variantelor-s-si-z","status":"publish","type":"product","link":"https:\/\/www.clinica-sante.com\/ro\/analize-diagnostic-genetic\/deficit-de-alfa-1-antitripsina-gena-serpina1-genotiparea-variantelor-s-si-z\/","title":{"rendered":"Deficit de alfa-1 antitripsina, gena SERPINA1, genotiparea variantelor S si Z"},"content":{"rendered":"","protected":false},"excerpt":{"rendered":"<p>Testul identific\u0103 muta\u021biile S \u0219i Z ale genei SERPINA1, asociate cu deficitul de alfa-1-antitripsin\u0103. Determinarea este indicat\u0103 \u00een emfizem pulmonar precoce sau hepatopatii de cauz\u0103 neclar\u0103.<\/p>\n","protected":false},"featured_media":0,"template":"","meta":{"_acf_changed":false,"inline_featured_image":false},"product_brand":[],"product_cat":[1209,3166,2876],"product_tag":[],"class_list":{"0":"post-26939","1":"product","2":"type-product","3":"status-publish","5":"product_cat-analize","6":"product_cat-diagnostic-genetic","7":"product_cat-serviciu-laborator","9":"first","10":"instock","11":"sale","12":"virtual","13":"purchasable","14":"product-type-simple"},"acf":[],"aioseo_notices":[],"_links":{"self":[{"href":"https:\/\/www.clinica-sante.com\/ro\/wp-json\/wp\/v2\/product\/26939","targetHints":{"allow":["GET"]}}],"collection":[{"href":"https:\/\/www.clinica-sante.com\/ro\/wp-json\/wp\/v2\/product"}],"about":[{"href":"https:\/\/www.clinica-sante.com\/ro\/wp-json\/wp\/v2\/types\/product"}],"wp:attachment":[{"href":"https:\/\/www.clinica-sante.com\/ro\/wp-json\/wp\/v2\/media?parent=26939"}],"wp:term":[{"taxonomy":"product_brand","embeddable":true,"href":"https:\/\/www.clinica-sante.com\/ro\/wp-json\/wp\/v2\/product_brand?post=26939"},{"taxonomy":"product_cat","embeddable":true,"href":"https:\/\/www.clinica-sante.com\/ro\/wp-json\/wp\/v2\/product_cat?post=26939"},{"taxonomy":"product_tag","embeddable":true,"href":"https:\/\/www.clinica-sante.com\/ro\/wp-json\/wp\/v2\/product_tag?post=26939"}],"curies":[{"name":"wp","href":"https:\/\/api.w.org\/{rel}","templated":true}]}}