{"id":26918,"date":"2025-06-24T14:31:26","date_gmt":"2025-06-24T12:31:26","guid":{"rendered":"https:\/\/www.clinica-sante.com\/ro\/analize-fara-categorie\/centocancer-panel-genetic-multicancer-secventiere-ngs-si-detectie-cnv-70-gene\/"},"modified":"2026-02-27T17:55:04","modified_gmt":"2026-02-27T15:55:04","slug":"centocancer-panel-genetic-multicancer-secventiere-ngs-si-detectie-cnv-70-gene","status":"publish","type":"product","link":"https:\/\/www.clinica-sante.com\/ro\/analize-oncogenetica\/centocancer-panel-genetic-multicancer-secventiere-ngs-si-detectie-cnv-70-gene\/","title":{"rendered":"CentoCancer &#8211; Panel genetic multicancer &#8211; secventiere NGS si detectie CNV"},"content":{"rendered":"","protected":false},"excerpt":{"rendered":"<p>Analiza detecteaz\u0103 muta\u021bii \u00een 70 de gene implicate \u00een predispozi\u021bia ereditar\u0103 la mai multe tipuri de cancer (s\u00e2n, ovarian, colorectal, pancreatic etc.). Utilizeaz\u0103 secven\u021biere NGS \u0219i detec\u021bie CNV (varia\u021bii ale num\u0103rului de copii genice \u2013 dele\u021bii sau duplica\u021bii) \u0219i ofer\u0103 date utile pentru preven\u021bie \u0219i alegerea tratamentului.<\/p>\n","protected":false},"featured_media":0,"template":"","meta":{"_acf_changed":false,"inline_featured_image":false},"product_brand":[],"product_cat":[1209,3165,2876],"product_tag":[],"class_list":{"0":"post-26918","1":"product","2":"type-product","3":"status-publish","5":"product_cat-analize","6":"product_cat-oncogenetica","7":"product_cat-serviciu-laborator","8":"pa_genetica-oncogenetica","10":"first","11":"instock","12":"sale","13":"virtual","14":"purchasable","15":"product-type-simple"},"acf":[],"aioseo_notices":[],"_links":{"self":[{"href":"https:\/\/www.clinica-sante.com\/ro\/wp-json\/wp\/v2\/product\/26918","targetHints":{"allow":["GET"]}}],"collection":[{"href":"https:\/\/www.clinica-sante.com\/ro\/wp-json\/wp\/v2\/product"}],"about":[{"href":"https:\/\/www.clinica-sante.com\/ro\/wp-json\/wp\/v2\/types\/product"}],"wp:attachment":[{"href":"https:\/\/www.clinica-sante.com\/ro\/wp-json\/wp\/v2\/media?parent=26918"}],"wp:term":[{"taxonomy":"product_brand","embeddable":true,"href":"https:\/\/www.clinica-sante.com\/ro\/wp-json\/wp\/v2\/product_brand?post=26918"},{"taxonomy":"product_cat","embeddable":true,"href":"https:\/\/www.clinica-sante.com\/ro\/wp-json\/wp\/v2\/product_cat?post=26918"},{"taxonomy":"product_tag","embeddable":true,"href":"https:\/\/www.clinica-sante.com\/ro\/wp-json\/wp\/v2\/product_tag?post=26918"}],"curies":[{"name":"wp","href":"https:\/\/api.w.org\/{rel}","templated":true}]}}