{"id":26911,"date":"2025-06-24T15:31:00","date_gmt":"2025-06-24T12:31:00","guid":{"rendered":"https:\/\/www.clinica-sante.com\/ro\/analize-fara-categorie\/125-dihidroxi-vitamina-d3\/"},"modified":"2026-01-05T19:04:02","modified_gmt":"2026-01-05T17:04:02","slug":"125-dihidroxi-vitamina-d3","status":"publish","type":"product","link":"https:\/\/www.clinica-sante.com\/ro\/analize-diverse-vitamine-oligoelemente\/125-dihidroxi-vitamina-d3\/","title":{"rendered":"1,25 dihidroxi vitamina D3"},"content":{"rendered":"","protected":false},"excerpt":{"rendered":"<p>Analiza m\u0103soar\u0103 forma activ\u0103 a vitaminei D3 (calcitriol), sintetizat\u0103 la nivel renal. Dozarea este indicat\u0103 \u00een evaluarea pacien\u021bilor cu afec\u021biuni renale cronice, tulbur\u0103ri osoase \u0219i ale metabolismului fosfocalcic.<\/p>\n","protected":false},"featured_media":0,"template":"","meta":{"_acf_changed":false,"inline_featured_image":false},"product_brand":[],"product_cat":[1209,3183,2876],"product_tag":[],"class_list":{"0":"post-26911","1":"product","2":"type-product","3":"status-publish","5":"product_cat-analize","6":"product_cat-diverse-vitamine-oligoelemente","7":"product_cat-serviciu-laborator","8":"pa_conditii-medicale-afecti-osteoporoza-si-alte-tulburari-ale-metabolismului-osos","9":"pa_conditii-medicale-afecti-testarea-functiei-renale-boala-cronica-de-rinichi-2","11":"first","12":"instock","13":"sale","14":"virtual","15":"purchasable","16":"product-type-simple"},"acf":[],"aioseo_notices":[],"_links":{"self":[{"href":"https:\/\/www.clinica-sante.com\/ro\/wp-json\/wp\/v2\/product\/26911","targetHints":{"allow":["GET"]}}],"collection":[{"href":"https:\/\/www.clinica-sante.com\/ro\/wp-json\/wp\/v2\/product"}],"about":[{"href":"https:\/\/www.clinica-sante.com\/ro\/wp-json\/wp\/v2\/types\/product"}],"wp:attachment":[{"href":"https:\/\/www.clinica-sante.com\/ro\/wp-json\/wp\/v2\/media?parent=26911"}],"wp:term":[{"taxonomy":"product_brand","embeddable":true,"href":"https:\/\/www.clinica-sante.com\/ro\/wp-json\/wp\/v2\/product_brand?post=26911"},{"taxonomy":"product_cat","embeddable":true,"href":"https:\/\/www.clinica-sante.com\/ro\/wp-json\/wp\/v2\/product_cat?post=26911"},{"taxonomy":"product_tag","embeddable":true,"href":"https:\/\/www.clinica-sante.com\/ro\/wp-json\/wp\/v2\/product_tag?post=26911"}],"curies":[{"name":"wp","href":"https:\/\/api.w.org\/{rel}","templated":true}]}}